{"id":468,"date":"2020-11-26T10:11:00","date_gmt":"2020-11-26T09:11:00","guid":{"rendered":"https:\/\/www.refilat.com\/?page_id=468"},"modified":"2021-01-22T11:49:57","modified_gmt":"2021-01-22T10:49:57","slug":"avis-legal","status":"publish","type":"page","link":"https:\/\/www.refilat.com\/?page_id=468","title":{"rendered":"Av\u00eds legal"},"content":{"rendered":"\t\t<div data-elementor-type=\"wp-page\" data-elementor-id=\"468\" class=\"elementor elementor-468\">\n\t\t\t\t\t\t<section class=\"elementor-section elementor-top-section elementor-element elementor-element-5ddf30f elementor-section-height-min-height elementor-section-boxed elementor-section-height-default elementor-section-items-middle\" data-id=\"5ddf30f\" data-element_type=\"section\" data-e-type=\"section\" data-settings=\"{&quot;background_background&quot;:&quot;classic&quot;}\">\n\t\t\t\t\t\t<div class=\"elementor-container elementor-column-gap-default\">\n\t\t\t\t\t<div class=\"elementor-column elementor-col-100 elementor-top-column elementor-element elementor-element-7b98c6d\" data-id=\"7b98c6d\" data-element_type=\"column\" data-e-type=\"column\">\n\t\t\t<div class=\"elementor-widget-wrap elementor-element-populated\">\n\t\t\t\t\t\t<div class=\"elementor-element elementor-element-45c660c elementor-widget elementor-widget-heading\" data-id=\"45c660c\" data-element_type=\"widget\" data-e-type=\"widget\" data-widget_type=\"heading.default\">\n\t\t\t\t<div class=\"elementor-widget-container\">\n\t\t\t\t\t<p class=\"elementor-heading-title elementor-size-default\">REFILAT VINOTECA<\/p>\t\t\t\t<\/div>\n\t\t\t\t<\/div>\n\t\t\t\t<div class=\"elementor-element elementor-element-804d4f7 elementor-widget elementor-widget-heading\" data-id=\"804d4f7\" data-element_type=\"widget\" data-e-type=\"widget\" data-widget_type=\"heading.default\">\n\t\t\t\t<div class=\"elementor-widget-container\">\n\t\t\t\t\t<h1 class=\"elementor-heading-title elementor-size-default\">av\u00eds legal<\/h1>\t\t\t\t<\/div>\n\t\t\t\t<\/div>\n\t\t\t\t<div class=\"elementor-element elementor-element-897f409 elementor-widget__width-initial elementor-widget elementor-widget-text-editor\" data-id=\"897f409\" data-element_type=\"widget\" data-e-type=\"widget\" data-widget_type=\"text-editor.default\">\n\t\t\t\t<div class=\"elementor-widget-container\">\n\t\t\t\t\t\t\t\t\t<p>El present av\u00eds legal regula l\u2019\u00fas i utilitzaci\u00f3 del lloc web www.refilat.cat, del que \u00e9s titular REFILAT SL.<\/p>\t\t\t\t\t\t\t\t<\/div>\n\t\t\t\t<\/div>\n\t\t\t\t\t<\/div>\n\t\t<\/div>\n\t\t\t\t\t<\/div>\n\t\t<\/section>\n\t\t\t\t<section class=\"elementor-section elementor-top-section elementor-element elementor-element-6df3fed0 elementor-section-boxed elementor-section-height-default elementor-section-height-default\" data-id=\"6df3fed0\" data-element_type=\"section\" data-e-type=\"section\">\n\t\t\t\t\t\t<div class=\"elementor-container elementor-column-gap-default\">\n\t\t\t\t\t<div class=\"elementor-column elementor-col-100 elementor-top-column elementor-element elementor-element-60567967\" data-id=\"60567967\" data-element_type=\"column\" data-e-type=\"column\">\n\t\t\t<div class=\"elementor-widget-wrap elementor-element-populated\">\n\t\t\t\t\t\t<div class=\"elementor-element elementor-element-4dfe4845 elementor-widget elementor-widget-text-editor\" data-id=\"4dfe4845\" data-element_type=\"widget\" data-e-type=\"widget\" data-widget_type=\"text-editor.default\">\n\t\t\t\t<div class=\"elementor-widget-container\">\n\t\t\t\t\t\t\t\t\t<ol>\n<li>\n<h2>OBJECTE<\/h2>\n<\/li>\n<\/ol>\n<p style=\"padding-left: 40px;\">El present av\u00eds legal regula l&#8217;\u00fas i utilitzaci\u00f3 al lloc web refilat.com, del qual \u00e9s titular REFILAT SL (d&#8217;ara endavant, REFILAT VINOTECA).<\/p>\n<p style=\"padding-left: 40px;\">La navegaci\u00f3 pel lloc web de REFILAT VINOTECA li atribueix la condici\u00f3 d&#8217;USUARI del mateix i comporta la seva acceptaci\u00f3 plena i sense reserves de totes i cadascuna de les condicions publicades en aquest av\u00eds legal, advertint que aquestes condicions podran ser modificades sense notificaci\u00f3 pr\u00e8via per part de REFILAT VINOTECA, i en aquest cas es procedir\u00e0 a la seva publicaci\u00f3 i av\u00eds amb la m\u00e0xima antelaci\u00f3 possible.<\/p>\n<p style=\"padding-left: 40px;\">Per aix\u00f2 \u00e9s recomanable llegir atentament el seu contingut en cas de desitjar accedir i fer \u00fas de la informaci\u00f3 i dels serveis oferts des d&#8217;aquest lloc web.<\/p>\n<p style=\"padding-left: 40px;\">L&#8217;usuari a m\u00e9s, s&#8217;obliga a fer un \u00fas correcte del lloc web de conformitat amb les lleis, la bona fe, l&#8217;ordre p\u00fablic, els usos del tr\u00e0nsit i el present Av\u00eds Legal, i respondr\u00e0 enfront de REFILAT VINOTECA o enfront de tercers, de qualssevol danys i perjudicis que poguessin causar-se com a conseq\u00fc\u00e8ncia de l&#8217;incompliment d&#8217;aquesta obligaci\u00f3.<\/p>\n<p style=\"padding-left: 40px;\">Qualsevol utilitzaci\u00f3 diferent a l&#8217;autoritzada est\u00e0 expressament prohibida, podent REFILAT VINOTECA denegar o retirar l&#8217;acc\u00e9s i el seu \u00fas en qualsevol moment.<\/p>\n<p><\/p>\n<ol>\n<li>\n<h2>IDENTIFICACI\u00d3<\/h2>\n<\/li>\n<\/ol>\n<p style=\"padding-left: 40px;\">REFILAT VINOTECA, en compliment de la Llei 34\/2002, d&#8217;11 de juliol, de Serveis de la Societat de la Informaci\u00f3 i de Comer\u00e7 Electr\u00f2nic, l&#8217;informa que:<\/p>\n<ul>\n<li style=\"list-style-type: none;\">\n<ul>\n<li>La seva denominaci\u00f3 social \u00e9s: REFILAT SL.<\/li>\n<li>El seu nom comercial \u00e9s: REFILAT VINOTECA.<\/li>\n<li>El seu CIF \u00e9s: B1725988.<\/li>\n<li>El seu domicili social est\u00e0 en: C\/ Agust\u00ed Manaut, 15 &#8211; 17539 &#8211; Bolvir &#8211; GIRONA (Espanya).<\/li>\n<li>Est\u00e0 inscrita en el Registre Mercantil de GIRONA T 39 , F 205, S 8, H GI687.<\/li>\n<\/ul>\n<\/li>\n<\/ul>\n<ol start=\"2\">\n<li>\n<h2>COMUNICACIONS<\/h2>\n<\/li>\n<\/ol>\n<p style=\"padding-left: 40px;\">Per a comunicar-se amb nosaltres, posem a la seva disposici\u00f3 diferents mitjans de contacte que detallem a continuaci\u00f3:<\/p>\n<p style=\"padding-left: 40px;\">Tel: 972883156.<\/p>\n<p style=\"padding-left: 40px;\">Email: info@refilat.com.<\/p>\n<p style=\"padding-left: 40px;\">Totes les notificacions i comunicacions entre els usuaris i REFILAT VINOTECA es consideraran eficaces, amb car\u00e0cter general, quan es realitzin a trav\u00e9s de qualsevol mitj\u00e0 dels detallats anteriorment.<\/p>\n<p><\/p>\n<ol start=\"3\">\n<li>\n<h2>CONDICIONS DE ACC\u00c9S I UTILITZACI\u00d3<\/h2>\n<\/li>\n<\/ol>\n<p style=\"padding-left: 40px;\">El lloc web i els seus serveis s\u00f3n d&#8217;acc\u00e9s lliure i gratu\u00eft. No obstant aix\u00f2, REFILAT VINOTECA pot condicionar la utilitzaci\u00f3 d&#8217;alguns dels serveis oferts en el seu web al previ emplenament del corresponent formulari.<\/p>\n<p style=\"padding-left: 40px;\">L&#8217;usuari garanteix l&#8217;autenticitat i actualitat de totes aquelles dades que comuniqui a REFILAT VINOTECA i ser\u00e0 l&#8217;\u00fanic responsable de les manifestacions falses o inexactes que realitzi.<\/p>\n<p style=\"padding-left: 40px;\">L&#8217;usuari es compromet expressament a fer un \u00fas adequat dels continguts i serveis de REFILAT VINOTECA i a no emprar-los per a, entre altres:<\/p>\n<p style=\"padding-left: 40px;\"><span style=\"background-color: transparent;\">a) Difondre continguts delictius, violents, pornogr\u00e0fics, racistes, xen\u00f2fobs, ofensius, d&#8217;apologia del terrorisme o, en general, contraris a la llei o a l&#8217;ordre p\u00fablic.<\/span><br><span style=\"background-color: transparent;\">b) Introduir en la xarxa virus inform\u00e0tics o realitzar actuacions susceptibles d&#8217;alterar, espatllar, interrompre o generar errors o danys en els documents electr\u00f2nics, dades o sistemes f\u00edsics i l\u00f2gics de REFILAT VINOTECA o de terceres persones; aix\u00ed com obstaculitzar l&#8217;acc\u00e9s d&#8217;altres usuaris al lloc web i als seus serveis mitjan\u00e7ant el consum massiu dels recursos inform\u00e0tics a trav\u00e9s dels quals REFILAT VINOTECA presta els seus serveis.<\/span><br><span style=\"background-color: transparent;\">c) Intentar accedir als comptes de correu electr\u00f2nic d&#8217;altres usuaris o a \u00e0rees restringides dels sistemes inform\u00e0tics de REFILAT VINOTECA o de tercers i, si escau, extreure informaci\u00f3.<\/span><br><span style=\"background-color: transparent;\">d) Vulnerar els drets de propietat intel\u00b7lectual o industrial, aix\u00ed com violar la confidencialitat de la informaci\u00f3 de REFILAT VINOTECA o de tercers.<\/span><br><span style=\"background-color: transparent;\">e) Suplantar la identitat de qualsevol altre usuari.<\/span><br><span style=\"background-color: transparent;\">f) Reproduir, copiar, distribuir, posar a la disposici\u00f3 de, o qualsevol altra forma de comunicaci\u00f3 p\u00fablica, transformar o modificar els continguts, tret que es compti amb l&#8217;autoritzaci\u00f3 del titular dels corresponents drets o aix\u00f2 resulti legalment perm\u00e8s.<\/span><br><span style=\"background-color: transparent;\">g) Recaptar dades amb finalitat publicit\u00e0ria i de remetre publicitat de qualsevol classe i comunicacions amb finalitats de venda o unes altres de naturalesa comercial sense que medi\u00ef la seva pr\u00e8via sol\u00b7licitud o consentiment.<\/span><\/p>\n<p style=\"padding-left: 40px;\">Tots els continguts del lloc web, com a textos, fotografies, gr\u00e0fics, imatges, icones, tecnologia, programari, aix\u00ed com el seu disseny gr\u00e0fic i codis font, constitueixen una obra la propietat de la qual pertany a REFILAT VINOTECA, sense que puguin entendre&#8217;s cedits a l&#8217;usuari cap dels drets d&#8217;explotaci\u00f3 sobre els mateixos m\u00e9s enll\u00e0 de l&#8217;estrictament necessari per al correcte \u00fas de la web.<\/p>\n<p style=\"padding-left: 40px;\">En definitiva, els usuaris que accedeixin a aquest lloc web poden visualitzar els continguts i efectuar, si escau, c\u00f2pies privades autoritzades sempre que els elements reprodu\u00efts no siguin cedits posteriorment a tercers, ni s&#8217;instal\u00b7lin a servidors connectats a xarxes, ni siguin objecte de cap mena d&#8217;explotaci\u00f3.<\/p>\n<p style=\"padding-left: 40px;\">Aix\u00ed mateix, totes les marques, noms comercials o signes distintius de qualsevol classe que apareixen en el lloc web s\u00f3n propietat de REFILAT VINOTECA, sense que pugui entendre&#8217;s que l&#8217;\u00fas o acc\u00e9s al mateix atribueixi a l&#8217;usuari dret algun sobre aquests.<\/p>\n<p style=\"padding-left: 40px;\">La distribuci\u00f3, modificaci\u00f3, cessi\u00f3 o comunicaci\u00f3 p\u00fablica dels continguts i qualsevol altre acte que no hagi estat expressament autoritzat pel titular dels drets d&#8217;explotaci\u00f3 queden prohibits.<\/p>\n<p style=\"padding-left: 40px;\">L&#8217;establiment d&#8217;un hiperenlace no implica en cap cas l&#8217;exist\u00e8ncia de relacions entre REFILAT VINOTECA i el propietari del lloc web en la qual s&#8217;estableixi, ni l&#8217;acceptaci\u00f3 i aprovaci\u00f3 per part de REFILAT VINOTECA dels seus continguts o serveis.<\/p>\n<p style=\"padding-left: 40px;\">REFILAT VINOTECA no es responsabilitza de l&#8217;\u00fas que cada usuari li doni als materials posats a disposici\u00f3 en aquest lloc web ni de les actuacions que realitzi sobre la base d&#8217;aquests.<\/p>\n<h3 style=\"padding-left: 40px;\">3.1 EXCLUSI\u00d3 DE GARANTIES I DE RESPONSABILITAT EN L&#8217;ACC\u00c9S I LA UTILITZACI\u00d3<\/h3>\n<p style=\"padding-left: 40px;\">El contingut del present lloc web \u00e9s de car\u00e0cter general i t\u00e9 una finalitat merament informativa, sense que es garanteixi plenament l&#8217;acc\u00e9s a tots els continguts, ni la seva exhaustivitat, correcci\u00f3, vig\u00e8ncia o actualitat, ni la seva idone\u00eftat o utilitat per a un objectiu espec\u00edfic. REFILAT VINOTECA exclou, fins on permet l&#8217;ordenament jur\u00eddic, qualsevol responsabilitat pels danys i perjudicis de tota naturalesa derivats de:<\/p>\n<p style=\"padding-left: 40px;\"><span style=\"background-color: transparent;\">a) La impossibilitat d&#8217;acc\u00e9s al lloc web o la falta de veracitat, exactitud, exhaustivitat i\/o actualitat dels continguts, aix\u00ed com l&#8217;exist\u00e8ncia de vicis i defectes de tota classe dels continguts transmesos, difosos, emmagatzemats, posats a disposici\u00f3, als quals s&#8217;hagi accedit a trav\u00e9s del lloc web o dels serveis que s&#8217;ofereixen.<br><\/span><span style=\"background-color: transparent;\">b) La pres\u00e8ncia de virus o d&#8217;altres elements en els continguts que puguin produir alteracions en els sistemes inform\u00e0tics, documents electr\u00f2nics o dades dels usuaris.<br><\/span><span style=\"background-color: transparent;\">c) L&#8217;incompliment de les lleis, la bona fe, l&#8217;ordre p\u00fablic, els usos del tr\u00e0nsit i el present av\u00eds legal com a conseq\u00fc\u00e8ncia de l&#8217;\u00fas incorrecte del lloc web. En particular, i a manera ejemplificativo, REFILAT VINOTECA no es fa responsable de les actuacions de tercers que vulnerin drets de propietat intel\u00b7lectual i industrial, secrets empresarials, drets a l&#8217;honor, a la intimitat personal i familiar i a la pr\u00f2pia imatge, aix\u00ed com la normativa en mat\u00e8ria de compet\u00e8ncia deslleial i publicitat il\u00b7l\u00edcita.<\/span><\/p>\n<p style=\"padding-left: 40px;\">Aix\u00ed mateix, REFILAT VINOTECA declina qualsevol responsabilitat respecte a la informaci\u00f3 que es trobi fora d&#8217;aquesta web i no sigui gestionada directament pel nostre webmaster. La funci\u00f3 dels links que apareixen en aquesta web \u00e9s exclusivament la d&#8217;informar l&#8217;usuari sobre l&#8217;exist\u00e8ncia d&#8217;altres fonts susceptibles d&#8217;ampliar els continguts que ofereix aquest lloc web. REFILAT VINOTECA no garanteix ni es responsabilitza del funcionament o accessibilitat dels llocs enlla\u00e7ats; ni suggereix, convida o recomana la visita a aquests, per la qual cosa tampoc ser\u00e0 responsable del resultat obtingut. REFILAT VINOTECA no es responsabilitza de l&#8217;establiment de hiperv\u00ednculos per part de tercers.<\/p>\n<h3 style=\"padding-left: 40px;\">3.2 PROCEDIMENT EN CAS DE REALITZACI\u00d3 D&#8217;ACTIVITATS DE CAR\u00c0CTER IL\u00b7L\u00cdCIT<\/h3>\n<p style=\"padding-left: 40px;\">En el cas que qualsevol usuari o un tercer consideri que existeixen fets o circumst\u00e0ncies que revelin el car\u00e0cter il\u00b7l\u00edcit de la utilitzaci\u00f3 de qualsevol contingut i\/o de la realitzaci\u00f3 de qualsevol activitat en les p\u00e0gines web incloses o accessibles a trav\u00e9s del lloc web, haur\u00e0 d&#8217;enviar una notificaci\u00f3 a REFILAT VINOTECA identificant-se degudament i especificant les suposades infraccions.<\/p>\n<h3 style=\"padding-left: 40px;\">3.3 PUBLICACIONS<\/h3>\n<p style=\"padding-left: 40px;\">La informaci\u00f3 administrativa facilitada a trav\u00e9s del lloc web no substitueix la publicitat legal de les lleis, normatives, plans, disposicions generals i actes que hagin de ser publicats formalment als diaris oficials de les administracions p\u00fabliques, que constitueixen l&#8217;\u00fanic instrument que d\u00f3na fe de la seva autenticitat i contingut. La informaci\u00f3 disponible en aquest lloc web ha d&#8217;entendre&#8217;s com una guia sense prop\u00f2sit de validesa legal.<\/p>\n<ol start=\"4\">\n<li>\n<h2>LEGISLACI\u00d3 APLICABLE<\/h2>\n<\/li>\n<\/ol>\n<p style=\"padding-left: 40px;\">Les condicions presents es regiran per la legislaci\u00f3 espanyola vigent.<\/p>\n<p style=\"padding-left: 40px;\">La llengua utilitzada ser\u00e0 el Castell\u00e0.<\/p>\t\t\t\t\t\t\t\t<\/div>\n\t\t\t\t<\/div>\n\t\t\t\t\t<\/div>\n\t\t<\/div>\n\t\t\t\t\t<\/div>\n\t\t<\/section>\n\t\t\t\t<\/div>\n\t\t","protected":false},"excerpt":{"rendered":"<p>REFILAT VINOTECA av\u00eds legal El present av\u00eds legal regula l\u2019\u00fas i utilitzaci\u00f3 del lloc web www.refilat.cat, del que \u00e9s titular REFILAT SL. OBJECTE El present av\u00eds legal regula l&#8217;\u00fas i utilitzaci\u00f3 al lloc web refilat.com, del qual \u00e9s titular REFILAT SL (d&#8217;ara endavant, REFILAT VINOTECA). La navegaci\u00f3 pel lloc web de REFILAT VINOTECA li atribueix [&hellip;]<\/p>\n","protected":false},"author":2,"featured_media":0,"parent":0,"menu_order":0,"comment_status":"closed","ping_status":"closed","template":"elementor_header_footer","meta":{"site-sidebar-layout":"default","site-content-layout":"","ast-site-content-layout":"default","site-content-style":"default","site-sidebar-style":"default","ast-global-header-display":"","ast-banner-title-visibility":"","ast-main-header-display":"","ast-hfb-above-header-display":"","ast-hfb-below-header-display":"","ast-hfb-mobile-header-display":"","site-post-title":"","ast-breadcrumbs-content":"","ast-featured-img":"","footer-sml-layout":"","ast-disable-related-posts":"","theme-transparent-header-meta":"","adv-header-id-meta":"","stick-header-meta":"","header-above-stick-meta":"","header-main-stick-meta":"","header-below-stick-meta":"","astra-migrate-meta-layouts":"default","ast-page-background-enabled":"default","ast-page-background-meta":{"desktop":{"background-color":"","background-image":"","background-repeat":"repeat","background-position":"center center","background-size":"auto","background-attachment":"scroll","background-type":"","background-media":"","overlay-type":"","overlay-color":"","overlay-opacity":"","overlay-gradient":""},"tablet":{"background-color":"","background-image":"","background-repeat":"repeat","background-position":"center center","background-size":"auto","background-attachment":"scroll","background-type":"","background-media":"","overlay-type":"","overlay-color":"","overlay-opacity":"","overlay-gradient":""},"mobile":{"background-color":"","background-image":"","background-repeat":"repeat","background-position":"center center","background-size":"auto","background-attachment":"scroll","background-type":"","background-media":"","overlay-type":"","overlay-color":"","overlay-opacity":"","overlay-gradient":""}},"ast-content-background-meta":{"desktop":{"background-color":"var(--ast-global-color-5)","background-image":"","background-repeat":"repeat","background-position":"center center","background-size":"auto","background-attachment":"scroll","background-type":"","background-media":"","overlay-type":"","overlay-color":"","overlay-opacity":"","overlay-gradient":""},"tablet":{"background-color":"var(--ast-global-color-5)","background-image":"","background-repeat":"repeat","background-position":"center center","background-size":"auto","background-attachment":"scroll","background-type":"","background-media":"","overlay-type":"","overlay-color":"","overlay-opacity":"","overlay-gradient":""},"mobile":{"background-color":"var(--ast-global-color-5)","background-image":"","background-repeat":"repeat","background-position":"center center","background-size":"auto","background-attachment":"scroll","background-type":"","background-media":"","overlay-type":"","overlay-color":"","overlay-opacity":"","overlay-gradient":""}},"footnotes":""},"class_list":["post-468","page","type-page","status-publish","hentry"],"yoast_head":"<!-- This site is optimized with the Yoast SEO plugin v27.5 - https:\/\/yoast.com\/product\/yoast-seo-wordpress\/ -->\n<title>Av\u00eds legal - Refilat Vinoteca<\/title>\n<meta name=\"robots\" content=\"index, follow, max-snippet:-1, max-image-preview:large, max-video-preview:-1\" \/>\n<link rel=\"canonical\" href=\"https:\/\/www.refilat.com\/?page_id=468\" \/>\n<meta property=\"og:locale\" content=\"ca_ES\" \/>\n<meta property=\"og:type\" content=\"article\" \/>\n<meta property=\"og:title\" content=\"Av\u00eds legal - Refilat Vinoteca\" \/>\n<meta property=\"og:description\" content=\"REFILAT VINOTECA av\u00eds legal El present av\u00eds legal regula l\u2019\u00fas i utilitzaci\u00f3 del lloc web www.refilat.cat, del que \u00e9s titular REFILAT SL. OBJECTE El present av\u00eds legal regula l&#8217;\u00fas i utilitzaci\u00f3 al lloc web refilat.com, del qual \u00e9s titular REFILAT SL (d&#8217;ara endavant, REFILAT VINOTECA). La navegaci\u00f3 pel lloc web de REFILAT VINOTECA li atribueix [&hellip;]\" \/>\n<meta property=\"og:url\" content=\"https:\/\/www.refilat.com\/?page_id=468\" \/>\n<meta property=\"og:site_name\" content=\"Refilat Vinoteca\" \/>\n<meta property=\"article:modified_time\" content=\"2021-01-22T10:49:57+00:00\" \/>\n<meta name=\"twitter:card\" content=\"summary_large_image\" \/>\n<meta name=\"twitter:label1\" content=\"Temps estimat de lectura\" \/>\n\t<meta name=\"twitter:data1\" content=\"7 minuts\" \/>\n<script type=\"application\/ld+json\" class=\"yoast-schema-graph\">{\"@context\":\"https:\\\/\\\/schema.org\",\"@graph\":[{\"@type\":\"WebPage\",\"@id\":\"https:\\\/\\\/www.refilat.com\\\/?page_id=468\",\"url\":\"https:\\\/\\\/www.refilat.com\\\/?page_id=468\",\"name\":\"Av\u00eds legal - Refilat Vinoteca\",\"isPartOf\":{\"@id\":\"https:\\\/\\\/www.refilat.com\\\/#website\"},\"datePublished\":\"2020-11-26T09:11:00+00:00\",\"dateModified\":\"2021-01-22T10:49:57+00:00\",\"breadcrumb\":{\"@id\":\"https:\\\/\\\/www.refilat.com\\\/?page_id=468#breadcrumb\"},\"inLanguage\":\"ca\",\"potentialAction\":[{\"@type\":\"ReadAction\",\"target\":[\"https:\\\/\\\/www.refilat.com\\\/?page_id=468\"]}]},{\"@type\":\"BreadcrumbList\",\"@id\":\"https:\\\/\\\/www.refilat.com\\\/?page_id=468#breadcrumb\",\"itemListElement\":[{\"@type\":\"ListItem\",\"position\":1,\"name\":\"Inici\",\"item\":\"https:\\\/\\\/www.refilat.com\\\/\"},{\"@type\":\"ListItem\",\"position\":2,\"name\":\"Av\u00eds legal\"}]},{\"@type\":\"WebSite\",\"@id\":\"https:\\\/\\\/www.refilat.com\\\/#website\",\"url\":\"https:\\\/\\\/www.refilat.com\\\/\",\"name\":\"Refilat Vinoteca\",\"description\":\"Tradici\u00f3 en la distribuci\u00f3 de vins a la Cerdanya\",\"publisher\":{\"@id\":\"https:\\\/\\\/www.refilat.com\\\/#organization\"},\"potentialAction\":[{\"@type\":\"SearchAction\",\"target\":{\"@type\":\"EntryPoint\",\"urlTemplate\":\"https:\\\/\\\/www.refilat.com\\\/?s={search_term_string}\"},\"query-input\":{\"@type\":\"PropertyValueSpecification\",\"valueRequired\":true,\"valueName\":\"search_term_string\"}}],\"inLanguage\":\"ca\"},{\"@type\":\"Organization\",\"@id\":\"https:\\\/\\\/www.refilat.com\\\/#organization\",\"name\":\"Refilat Vinoteca\",\"url\":\"https:\\\/\\\/www.refilat.com\\\/\",\"logo\":{\"@type\":\"ImageObject\",\"inLanguage\":\"ca\",\"@id\":\"https:\\\/\\\/www.refilat.com\\\/#\\\/schema\\\/logo\\\/image\\\/\",\"url\":\"https:\\\/\\\/i0.wp.com\\\/www.refilat.com\\\/wp-content\\\/uploads\\\/2020\\\/07\\\/logo_refilat_02.png?fit=400%2C150&ssl=1\",\"contentUrl\":\"https:\\\/\\\/i0.wp.com\\\/www.refilat.com\\\/wp-content\\\/uploads\\\/2020\\\/07\\\/logo_refilat_02.png?fit=400%2C150&ssl=1\",\"width\":400,\"height\":150,\"caption\":\"Refilat Vinoteca\"},\"image\":{\"@id\":\"https:\\\/\\\/www.refilat.com\\\/#\\\/schema\\\/logo\\\/image\\\/\"}}]}<\/script>\n<!-- \/ Yoast SEO plugin. -->","yoast_head_json":{"title":"Av\u00eds legal - Refilat Vinoteca","robots":{"index":"index","follow":"follow","max-snippet":"max-snippet:-1","max-image-preview":"max-image-preview:large","max-video-preview":"max-video-preview:-1"},"canonical":"https:\/\/www.refilat.com\/?page_id=468","og_locale":"ca_ES","og_type":"article","og_title":"Av\u00eds legal - Refilat Vinoteca","og_description":"REFILAT VINOTECA av\u00eds legal El present av\u00eds legal regula l\u2019\u00fas i utilitzaci\u00f3 del lloc web www.refilat.cat, del que \u00e9s titular REFILAT SL. OBJECTE El present av\u00eds legal regula l&#8217;\u00fas i utilitzaci\u00f3 al lloc web refilat.com, del qual \u00e9s titular REFILAT SL (d&#8217;ara endavant, REFILAT VINOTECA). La navegaci\u00f3 pel lloc web de REFILAT VINOTECA li atribueix [&hellip;]","og_url":"https:\/\/www.refilat.com\/?page_id=468","og_site_name":"Refilat Vinoteca","article_modified_time":"2021-01-22T10:49:57+00:00","twitter_card":"summary_large_image","twitter_misc":{"Temps estimat de lectura":"7 minuts"},"schema":{"@context":"https:\/\/schema.org","@graph":[{"@type":"WebPage","@id":"https:\/\/www.refilat.com\/?page_id=468","url":"https:\/\/www.refilat.com\/?page_id=468","name":"Av\u00eds legal - Refilat Vinoteca","isPartOf":{"@id":"https:\/\/www.refilat.com\/#website"},"datePublished":"2020-11-26T09:11:00+00:00","dateModified":"2021-01-22T10:49:57+00:00","breadcrumb":{"@id":"https:\/\/www.refilat.com\/?page_id=468#breadcrumb"},"inLanguage":"ca","potentialAction":[{"@type":"ReadAction","target":["https:\/\/www.refilat.com\/?page_id=468"]}]},{"@type":"BreadcrumbList","@id":"https:\/\/www.refilat.com\/?page_id=468#breadcrumb","itemListElement":[{"@type":"ListItem","position":1,"name":"Inici","item":"https:\/\/www.refilat.com\/"},{"@type":"ListItem","position":2,"name":"Av\u00eds legal"}]},{"@type":"WebSite","@id":"https:\/\/www.refilat.com\/#website","url":"https:\/\/www.refilat.com\/","name":"Refilat Vinoteca","description":"Tradici\u00f3 en la distribuci\u00f3 de vins a la Cerdanya","publisher":{"@id":"https:\/\/www.refilat.com\/#organization"},"potentialAction":[{"@type":"SearchAction","target":{"@type":"EntryPoint","urlTemplate":"https:\/\/www.refilat.com\/?s={search_term_string}"},"query-input":{"@type":"PropertyValueSpecification","valueRequired":true,"valueName":"search_term_string"}}],"inLanguage":"ca"},{"@type":"Organization","@id":"https:\/\/www.refilat.com\/#organization","name":"Refilat Vinoteca","url":"https:\/\/www.refilat.com\/","logo":{"@type":"ImageObject","inLanguage":"ca","@id":"https:\/\/www.refilat.com\/#\/schema\/logo\/image\/","url":"https:\/\/i0.wp.com\/www.refilat.com\/wp-content\/uploads\/2020\/07\/logo_refilat_02.png?fit=400%2C150&ssl=1","contentUrl":"https:\/\/i0.wp.com\/www.refilat.com\/wp-content\/uploads\/2020\/07\/logo_refilat_02.png?fit=400%2C150&ssl=1","width":400,"height":150,"caption":"Refilat Vinoteca"},"image":{"@id":"https:\/\/www.refilat.com\/#\/schema\/logo\/image\/"}}]}},"lang":"ca","translations":{"ca":468,"es":802},"jetpack_sharing_enabled":true,"pll_sync_post":[],"_links":{"self":[{"href":"https:\/\/www.refilat.com\/index.php?rest_route=\/wp\/v2\/pages\/468","targetHints":{"allow":["GET"]}}],"collection":[{"href":"https:\/\/www.refilat.com\/index.php?rest_route=\/wp\/v2\/pages"}],"about":[{"href":"https:\/\/www.refilat.com\/index.php?rest_route=\/wp\/v2\/types\/page"}],"author":[{"embeddable":true,"href":"https:\/\/www.refilat.com\/index.php?rest_route=\/wp\/v2\/users\/2"}],"replies":[{"embeddable":true,"href":"https:\/\/www.refilat.com\/index.php?rest_route=%2Fwp%2Fv2%2Fcomments&post=468"}],"version-history":[{"count":31,"href":"https:\/\/www.refilat.com\/index.php?rest_route=\/wp\/v2\/pages\/468\/revisions"}],"predecessor-version":[{"id":2242,"href":"https:\/\/www.refilat.com\/index.php?rest_route=\/wp\/v2\/pages\/468\/revisions\/2242"}],"wp:attachment":[{"href":"https:\/\/www.refilat.com\/index.php?rest_route=%2Fwp%2Fv2%2Fmedia&parent=468"}],"curies":[{"name":"wp","href":"https:\/\/api.w.org\/{rel}","templated":true}]}}