{"id":3,"date":"2020-07-15T11:06:56","date_gmt":"2020-07-15T10:06:56","guid":{"rendered":"https:\/\/www.refilat.com\/?page_id=3"},"modified":"2021-01-23T18:27:03","modified_gmt":"2021-01-23T17:27:03","slug":"politica-de-privacitat","status":"publish","type":"page","link":"https:\/\/www.refilat.com\/?page_id=3","title":{"rendered":"Pol\u00edtica de privacitat"},"content":{"rendered":"\t\t<div data-elementor-type=\"wp-page\" data-elementor-id=\"3\" class=\"elementor elementor-3\">\n\t\t\t\t\t\t<section class=\"elementor-section elementor-top-section elementor-element elementor-element-5ddf30f elementor-section-height-min-height elementor-section-boxed elementor-section-height-default elementor-section-items-middle\" data-id=\"5ddf30f\" data-element_type=\"section\" data-e-type=\"section\" data-settings=\"{&quot;background_background&quot;:&quot;classic&quot;}\">\n\t\t\t\t\t\t<div class=\"elementor-container elementor-column-gap-default\">\n\t\t\t\t\t<div class=\"elementor-column elementor-col-100 elementor-top-column elementor-element elementor-element-7b98c6d\" data-id=\"7b98c6d\" data-element_type=\"column\" data-e-type=\"column\">\n\t\t\t<div class=\"elementor-widget-wrap elementor-element-populated\">\n\t\t\t\t\t\t<div class=\"elementor-element elementor-element-45c660c elementor-widget elementor-widget-heading\" data-id=\"45c660c\" data-element_type=\"widget\" data-e-type=\"widget\" data-widget_type=\"heading.default\">\n\t\t\t\t<div class=\"elementor-widget-container\">\n\t\t\t\t\t<p class=\"elementor-heading-title elementor-size-default\">REFILAT VINOTECA<\/p>\t\t\t\t<\/div>\n\t\t\t\t<\/div>\n\t\t\t\t<div class=\"elementor-element elementor-element-804d4f7 elementor-widget elementor-widget-heading\" data-id=\"804d4f7\" data-element_type=\"widget\" data-e-type=\"widget\" data-widget_type=\"heading.default\">\n\t\t\t\t<div class=\"elementor-widget-container\">\n\t\t\t\t\t<h1 class=\"elementor-heading-title elementor-size-default\">POL\u00cdTICA DE PRIVACITAT<\/h1>\t\t\t\t<\/div>\n\t\t\t\t<\/div>\n\t\t\t\t<div class=\"elementor-element elementor-element-897f409 elementor-widget__width-initial elementor-widget elementor-widget-text-editor\" data-id=\"897f409\" data-element_type=\"widget\" data-e-type=\"widget\" data-widget_type=\"text-editor.default\">\n\t\t\t\t<div class=\"elementor-widget-container\">\n\t\t\t\t\t\t\t\t\t<p>A Refilat ens prenem molt seriosament el tractament de les teves dades personals i la teva llibertat.<\/p>\t\t\t\t\t\t\t\t<\/div>\n\t\t\t\t<\/div>\n\t\t\t\t\t<\/div>\n\t\t<\/div>\n\t\t\t\t\t<\/div>\n\t\t<\/section>\n\t\t\t\t<section class=\"elementor-section elementor-top-section elementor-element elementor-element-6df3fed0 elementor-section-boxed elementor-section-height-default elementor-section-height-default\" data-id=\"6df3fed0\" data-element_type=\"section\" data-e-type=\"section\">\n\t\t\t\t\t\t<div class=\"elementor-container elementor-column-gap-default\">\n\t\t\t\t\t<div class=\"elementor-column elementor-col-100 elementor-top-column elementor-element elementor-element-60567967\" data-id=\"60567967\" data-element_type=\"column\" data-e-type=\"column\">\n\t\t\t<div class=\"elementor-widget-wrap elementor-element-populated\">\n\t\t\t\t\t\t<div class=\"elementor-element elementor-element-4dfe4845 elementor-widget elementor-widget-text-editor\" data-id=\"4dfe4845\" data-element_type=\"widget\" data-e-type=\"widget\" data-widget_type=\"text-editor.default\">\n\t\t\t\t<div class=\"elementor-widget-container\">\n\t\t\t\t\t\t\t\t\t<p>A REFILAT SL ens preocupem per la privacitat i la transpar\u00e8ncia.<\/p>\n<p>A continuaci\u00f3, li indiquem detalladament els tractaments de dades personals que realitzem, aix\u00ed com tota la informaci\u00f3 relativa a aquests.<\/p>\n<h2><strong>Qui \u00e9s el responsable del tractament de les seves dades?<\/strong><\/h2>\n<p>REFILAT SL.<\/p>\n<p>B17259888.<\/p>\n<p>C\/ Agust\u00ed Manaut, 15 &#8211; 17539 &#8211; Bolvir &#8211; GIRONA.<\/p>\n<p>972883156.<\/p>\n<p>info@refilat.com.<\/p>\n<h2><strong>Quins s\u00f3n els seus drets quan ens facilita les seves dades?<\/strong><\/h2>\n<p>Qualsevol persona t\u00e9 dret a obtenir confirmaci\u00f3 sobre si en REFILAT SL estem tractant, o no, dades personals que els concerneixin.<\/p>\n<p>Les persones interessades tenen dret a accedir a les seves dades personals, aix\u00ed com a sol\u00b7licitar la rectificaci\u00f3 de les dades inexactes o, si escau, sol\u00b7licitar la seva supressi\u00f3 quan, entre altres motius, les dades ja no siguin necessaris per a les finalitats que van ser recollits. Igualment t\u00e9 dret a la portabilitat de les seves dades.<\/p>\n<p>En determinades circumst\u00e0ncies, els interessats podran sol\u00b7licitar la limitaci\u00f3 del tractament de les seves dades, i en aquest cas \u00fanicament els conservarem per a l&#8217;exercici o la defensa de reclamacions.<\/p>\n<p>En determinades circumst\u00e0ncies i per motius relacionats amb la seva situaci\u00f3 particular, els interessats podran oposar-se al tractament de les seves dades. En aquest cas, REFILAT SL deixar\u00e0 de tractar les dades, excepte per motius leg\u00edtims imperiosos, o l&#8217;exercici o la defensa de possibles reclamacions.<\/p>\n<p>Podr\u00e0 exercitar materialment els seus drets de la seg\u00fcent forma: dirigint-se a info@refilat.com o C\/ Agusti Manaut, 15 17539 Bolvir Girona.<\/p>\n<p>Quan es realitzi l&#8217;enviament de comunicacions comercials utilitzant com a base jur\u00eddica l&#8217;inter\u00e8s leg\u00edtim del responsable, l&#8217;interessat podr\u00e0 oposar-se al tractament de les seves dades amb aquesta fi.<\/p>\n<p>El consentiment atorgat \u00e9s per a totes les finalitats indicades la base legal de les quals \u00e9s el consentiment de l&#8217;interessat. T\u00e9 dret a retirar aquest consentiment en qualsevol moment, sense que aix\u00f2 afecti la licitud del tractament basat en el consentiment previ a la seva retirada.<\/p>\n<p>En cas que senti vulnerats els seus drets pel que concerneix la protecci\u00f3 de les seves dades personals, especialment quan no hagi obtingut satisfacci\u00f3 en l&#8217;exercici dels seus drets, pot presentar una reclamaci\u00f3 davant l&#8217;Autoritat de Control en mat\u00e8ria de Protecci\u00f3 de Dades competent a trav\u00e9s del seu lloc web: www.aepd.es.<\/p>\n<p><\/p>\n<ol>\n<li>\n<h2><strong> Tractament de les dades personals de potencials clients i contactes web<\/strong><\/h2>\n<\/li>\n<\/ol>\n<h3 style=\"padding-left: 40px;\"><strong>Amb quina finalitat tractem les seves dades personals?<\/strong><\/h3>\n<p style=\"padding-left: 40px;\">A REFILAT SL tractem la informaci\u00f3 que ens faciliten les persones interessades amb la finalitat d&#8217;atendre la seva sol\u00b7licitud i enviar-li comunicacions comercials i\/o newsletters. En el cas que no faciliti les seves dades personals, no podrem complir amb les funcionalitats descrites anteriorment.<\/p>\n<p style=\"padding-left: 40px;\">No es prendran decisions automatitzades sobre la base de les dades proporcionades.<\/p>\n<h3 style=\"padding-left: 40px;\"><strong>Per quant temps conservarem les seves dades?<\/strong><\/h3>\n<p style=\"padding-left: 40px;\">Les dades es conservaran mentre l&#8217;interessat no sol\u00b7liciti la seva supressi\u00f3.<\/p>\n<h3 style=\"padding-left: 40px;\"><strong>Quina \u00e9s la legitimaci\u00f3 per al tractament de les seves dades?<\/strong><\/h3>\n<p style=\"padding-left: 40px;\">Li indiquem la base legal per al tractament de les seves dades:<\/p>\n<ul>\n<li style=\"list-style-type: none;\">\n<ul>\n<li>Execuci\u00f3 d&#8217;un contracte: Atendre la seva sol\u00b7licitud.<\/li>\n<li>Consentiment de l&#8217;interessat: Enviar-li comunicacions comercials i\/o newsletters.<\/li>\n<\/ul>\n<\/li>\n<\/ul>\n<h3 style=\"padding-left: 40px;\"><strong>A quins destinataris es comunicaran les seves dades?<\/strong><\/h3>\n<p style=\"padding-left: 40px;\">No se cediran dades a tercers, excepte obligaci\u00f3 legal.<\/p>\n<h3 style=\"padding-left: 40px;\"><strong>Transfer\u00e8ncies de dades a tercers pa\u00efsos.<\/strong><\/h3>\n<p style=\"padding-left: 40px;\">No estan previstes transfer\u00e8ncies de dades a tercers pa\u00efsos.<\/p>\n<h2>\n<ol start=\"2\">\n<li><strong> Tractament de les dades personals del correu electr\u00f2nic<\/strong><\/li>\n<\/ol>\n<\/h2>\n<h3 style=\"padding-left: 40px;\"><strong>Amb quina finalitat tractem les seves dades personals?<\/strong><\/h3>\n<p style=\"padding-left: 40px;\">A REFILAT SL tractem la informaci\u00f3 que ens faciliten les persones interessades amb la finalitat de prestar-li els serveis que ens ha sol\u00b7licitat, atendre les seves sol\u00b7licituds d&#8217;informaci\u00f3 i enviar-li comunicacions comercials. En el cas que no faciliti les seves dades personals, no podrem complir amb les funcionalitats descrites anteriorment.<\/p>\n<p style=\"padding-left: 40px;\">No es prendran decisions automatitzades sobre la base de les dades proporcionades.<\/p>\n<p style=\"padding-left: 40px;\">Per quant temps conservarem les seves dades?<\/p>\n<p style=\"padding-left: 40px;\">Les dades es conservaran mentre l&#8217;interessat no sol\u00b7liciti la seva supressi\u00f3.<\/p>\n<h3 style=\"padding-left: 40px;\"><strong>Quina \u00e9s la legitimaci\u00f3 per al tractament de les seves dades?<\/strong><\/h3>\n<p style=\"padding-left: 40px;\">Li indiquem la base legal per al tractament de les seves dades:<\/p>\n<ul>\n<li style=\"list-style-type: none;\">\n<ul>\n<li>Execuci\u00f3 de contracte: Atendre la seva sol\u00b7licitud.<\/li>\n<li>Inter\u00e8s leg\u00edtim del responsable: Enviament de comunicacions comercials sobre els nostres productes sobre la base de l&#8217;inter\u00e8s demostrat.<\/li>\n<li>Consentiment de l&#8217;Interessat: Contacte i enviament de comunicacions comercials sobre els nostres productes sobre la base de l&#8217;inter\u00e8s demostrat.<\/li>\n<\/ul>\n<\/li>\n<\/ul>\n<h3 style=\"padding-left: 40px;\"><strong>A quins destinataris es comunicaran les seves dades?<\/strong><\/h3>\n<p style=\"padding-left: 40px;\">No se cediran dades a tercers, excepte obligaci\u00f3 legal.<\/p>\n<h3 style=\"padding-left: 40px;\"><strong>Transfer\u00e8ncies de dades a tercers pa\u00efsos.<\/strong><\/h3>\n<p style=\"padding-left: 40px;\">No estan previstes transfer\u00e8ncies de dades a tercers pa\u00efsos.<\/p>\n<h2><ol start=\"3\"><li><strong> Tractament de les dades personals de clients i registre de nous usuaris<\/strong><\/li><\/ol><\/h2>\n<h3 style=\"padding-left: 40px;\"><strong>Amb quina finalitat tractem les seves dades personals?<\/strong><\/h3>\n<p style=\"padding-left: 40px;\">A REFILAT SL tractem la informaci\u00f3 que ens faciliten les persones interessades amb la finalitat de registre, si \u00e9s el cas, i posterior gesti\u00f3 de les sol\u00b7licituds dels usuaris de la web, realitzar la gesti\u00f3 administrativa, comptable i fiscal dels serveis sol\u00b7licitats, aix\u00ed com enviar comunicacions comercials sobre els nostres productes&nbsp; i\/o newsletter. En el cas que no faciliti les seves dades personals, no podrem complir amb les funcionalitats descrites anteriorment.<\/p>\n<p style=\"padding-left: 40px;\">No es prendran decisions automatitzades sobre la base de les dades proporcionades<strong>.<\/strong><\/p>\n<h3 style=\"padding-left: 40px;\"><strong>Per quant temps conservarem les seves dades?<\/strong><\/h3>\n<p style=\"padding-left: 40px;\">Les dades es conservaran mentre es mantingui la relaci\u00f3 comercial o durant els anys necessaris per a complir amb les obligacions legals.<\/p>\n<h3 style=\"padding-left: 40px;\"><strong>Quina \u00e9s la legitimaci\u00f3 per al tractament de les seves dades?<\/strong><\/h3>\n<p style=\"padding-left: 40px;\">Li indiquem la base legal per al tractament de les seves dades:<\/p>\n<ul>\n<li style=\"list-style-type: none;\">\n<ul>\n<li>Execuci\u00f3 d&#8217;un contracte: Registre, si \u00e9s el cas, i posterior gesti\u00f3 de les sol\u00b7licituds dels usuaris de la web i en el seu cas, realitzar la gesti\u00f3 administrativa, comptable i fiscal dels serveis sol\u00b7licitats.<\/li>\n<li>Consentiment de l&#8217;interessat: Enviament de comunicacions comercials sobre els nostres productes i\/o newsletter.<\/li>\n<\/ul>\n<\/li>\n<\/ul>\n<h3 style=\"padding-left: 40px;\"><strong>A quins destinataris es comunicaran les seves dades?<\/strong><\/h3>\n<p style=\"padding-left: 40px;\">Les dades es comunicaran als seg\u00fcents destinataris:<\/p>\n<ul>\n<li style=\"list-style-type: none;\">\n<ul>\n<li>En el seu cas, Administraci\u00f3 Tribut\u00e0ria, a la finalitat de complir amb les obligacions legals (requisit legal).<\/li>\n<li>En el seu cas, Entitats financeres, amb la finalitat de girar els rebuts corresponents (requisit contractual).<\/li>\n<li>En el seu cas empresa missatgeria o transport, amb la finalitat de gesti\u00f3 de la recollida, seguiment i lliurament dels enviaments.<\/li>\n<\/ul>\n<\/li>\n<\/ul>\n<h3 style=\"padding-left: 40px;\"><strong>Transfer\u00e8ncies de dades a tercers pa\u00efsos.<\/strong><\/h3>\n<p style=\"padding-left: 40px;\">No estan previstes transfer\u00e8ncies de dades a tercers pa\u00efsos.<\/p>\n<ol start=\"4\">\n<li>\n<h2><strong> Tractament de les dades personals de videovigil\u00e0ncia<\/strong><\/h2>\n<\/li>\n<\/ol>\n<h3 style=\"padding-left: 40px;\"><strong>Amb quina finalitat tractem les seves dades personals?<\/strong><\/h3>\n<p style=\"padding-left: 40px;\">A REFILAT SL tractem la informaci\u00f3 que ens faciliten les persones interessades amb la finalitat de garantir la seguretat de persones, b\u00e9ns i instal\u00b7lacions. En el cas que no faciliti les seves dades personals, no podrem complir amb les funcionalitats descrites anteriorment.<\/p>\n<p style=\"padding-left: 40px;\">No es prendran decisions automatitzades en base de dades proporcionades.<\/p>\n<h3 style=\"padding-left: 40px;\"><strong>Durant quant de temps conservarem les seves dades?<\/strong><\/h3>\n<p style=\"padding-left: 40px;\">Les dades es conservaran un m\u00e0xim de 30 dies, excepte comunicaci\u00f3 a Forces i Cossos de Seguretat, i\/o Jutjats i Tribunals.<\/p>\n<h3 style=\"padding-left: 40px;\"><strong>Quina \u00e9s la legitimaci\u00f3 per al tractament de les seves dades?<\/strong><\/h3>\n<p style=\"padding-left: 40px;\">Li indiquem la base legal per al tractament de les seves dades:<\/p>\n<ul>\n<li style=\"list-style-type: none;\">\n<ul>\n<li>Missi\u00f3 en Inter\u00e8s p\u00fablic: Garantir la seguretat de persones, b\u00e9ns i instal\u00b7lacions.<\/li>\n<\/ul>\n<\/li>\n<\/ul>\n<h3 style=\"padding-left: 40px;\"><strong>A quins destinataris es comunicaran les seves dades?<\/strong><\/h3>\n<p style=\"padding-left: 40px;\">Les dades es comunicaran als seg\u00fcents destinataris:<\/p>\n<ul>\n<li style=\"list-style-type: none;\">\n<ul>\n<li>Si escau, les forces i cossos de seguretat de l&#8217;Estat, aix\u00ed com Jutjats i Tribunals, amb la finalitat d&#8217;aportar les imatges si s&#8217;ha com\u00e8s un delicte (requisit legal).<\/li>\n<\/ul>\n<\/li>\n<\/ul>\n<h3 style=\"padding-left: 40px;\"><strong>Transfer\u00e8ncies de dades a tercers pa\u00efsos.<\/strong><\/h3>\n<p style=\"padding-left: 40px;\">No estan previstes transfer\u00e8ncies de dades a tercers pa\u00efsos.<\/p>\t\t\t\t\t\t\t\t<\/div>\n\t\t\t\t<\/div>\n\t\t\t\t\t<\/div>\n\t\t<\/div>\n\t\t\t\t\t<\/div>\n\t\t<\/section>\n\t\t\t\t<\/div>\n\t\t","protected":false},"excerpt":{"rendered":"<p>REFILAT VINOTECA A Refilat ens prenem molt seriosament el tractament de les teves dades personals i la teva llibertat. A REFILAT SL ens preocupem per la privacitat i la transpar\u00e8ncia. A continuaci\u00f3, li indiquem detalladament els tractaments de dades personals que realitzem, aix\u00ed com tota la informaci\u00f3 relativa a aquests. Qui \u00e9s el responsable del [&hellip;]<\/p>\n","protected":false},"author":1,"featured_media":0,"parent":0,"menu_order":0,"comment_status":"closed","ping_status":"closed","template":"elementor_header_footer","meta":{"site-sidebar-layout":"default","site-content-layout":"","ast-site-content-layout":"default","site-content-style":"default","site-sidebar-style":"default","ast-global-header-display":"","ast-banner-title-visibility":"","ast-main-header-display":"","ast-hfb-above-header-display":"","ast-hfb-below-header-display":"","ast-hfb-mobile-header-display":"","site-post-title":"","ast-breadcrumbs-content":"","ast-featured-img":"","footer-sml-layout":"","ast-disable-related-posts":"","theme-transparent-header-meta":"","adv-header-id-meta":"","stick-header-meta":"","header-above-stick-meta":"","header-main-stick-meta":"","header-below-stick-meta":"","astra-migrate-meta-layouts":"default","ast-page-background-enabled":"default","ast-page-background-meta":{"desktop":{"background-color":"","background-image":"","background-repeat":"repeat","background-position":"center center","background-size":"auto","background-attachment":"scroll","background-type":"","background-media":"","overlay-type":"","overlay-color":"","overlay-opacity":"","overlay-gradient":""},"tablet":{"background-color":"","background-image":"","background-repeat":"repeat","background-position":"center center","background-size":"auto","background-attachment":"scroll","background-type":"","background-media":"","overlay-type":"","overlay-color":"","overlay-opacity":"","overlay-gradient":""},"mobile":{"background-color":"","background-image":"","background-repeat":"repeat","background-position":"center center","background-size":"auto","background-attachment":"scroll","background-type":"","background-media":"","overlay-type":"","overlay-color":"","overlay-opacity":"","overlay-gradient":""}},"ast-content-background-meta":{"desktop":{"background-color":"var(--ast-global-color-5)","background-image":"","background-repeat":"repeat","background-position":"center center","background-size":"auto","background-attachment":"scroll","background-type":"","background-media":"","overlay-type":"","overlay-color":"","overlay-opacity":"","overlay-gradient":""},"tablet":{"background-color":"var(--ast-global-color-5)","background-image":"","background-repeat":"repeat","background-position":"center center","background-size":"auto","background-attachment":"scroll","background-type":"","background-media":"","overlay-type":"","overlay-color":"","overlay-opacity":"","overlay-gradient":""},"mobile":{"background-color":"var(--ast-global-color-5)","background-image":"","background-repeat":"repeat","background-position":"center center","background-size":"auto","background-attachment":"scroll","background-type":"","background-media":"","overlay-type":"","overlay-color":"","overlay-opacity":"","overlay-gradient":""}},"footnotes":""},"class_list":["post-3","page","type-page","status-publish","hentry"],"yoast_head":"<!-- This site is optimized with the Yoast SEO plugin v27.4 - https:\/\/yoast.com\/product\/yoast-seo-wordpress\/ -->\n<title>Pol\u00edtica de privacitat - Refilat Vinoteca<\/title>\n<meta name=\"robots\" content=\"index, follow, max-snippet:-1, max-image-preview:large, max-video-preview:-1\" \/>\n<link rel=\"canonical\" href=\"https:\/\/www.refilat.com\/?page_id=3\" \/>\n<meta property=\"og:locale\" content=\"ca_ES\" \/>\n<meta property=\"og:type\" content=\"article\" \/>\n<meta property=\"og:title\" content=\"Pol\u00edtica de privacitat - Refilat Vinoteca\" \/>\n<meta property=\"og:description\" content=\"REFILAT VINOTECA A Refilat ens prenem molt seriosament el tractament de les teves dades personals i la teva llibertat. A REFILAT SL ens preocupem per la privacitat i la transpar\u00e8ncia. A continuaci\u00f3, li indiquem detalladament els tractaments de dades personals que realitzem, aix\u00ed com tota la informaci\u00f3 relativa a aquests. Qui \u00e9s el responsable del [&hellip;]\" \/>\n<meta property=\"og:url\" content=\"https:\/\/www.refilat.com\/?page_id=3\" \/>\n<meta property=\"og:site_name\" content=\"Refilat Vinoteca\" \/>\n<meta property=\"article:modified_time\" content=\"2021-01-23T17:27:03+00:00\" \/>\n<meta name=\"twitter:card\" content=\"summary_large_image\" \/>\n<meta name=\"twitter:label1\" content=\"Temps estimat de lectura\" \/>\n\t<meta name=\"twitter:data1\" content=\"6 minuts\" \/>\n<script type=\"application\/ld+json\" class=\"yoast-schema-graph\">{\"@context\":\"https:\\\/\\\/schema.org\",\"@graph\":[{\"@type\":\"WebPage\",\"@id\":\"https:\\\/\\\/www.refilat.com\\\/?page_id=3\",\"url\":\"https:\\\/\\\/www.refilat.com\\\/?page_id=3\",\"name\":\"Pol\u00edtica de privacitat - Refilat Vinoteca\",\"isPartOf\":{\"@id\":\"https:\\\/\\\/www.refilat.com\\\/#website\"},\"datePublished\":\"2020-07-15T10:06:56+00:00\",\"dateModified\":\"2021-01-23T17:27:03+00:00\",\"breadcrumb\":{\"@id\":\"https:\\\/\\\/www.refilat.com\\\/?page_id=3#breadcrumb\"},\"inLanguage\":\"ca\",\"potentialAction\":[{\"@type\":\"ReadAction\",\"target\":[\"https:\\\/\\\/www.refilat.com\\\/?page_id=3\"]}]},{\"@type\":\"BreadcrumbList\",\"@id\":\"https:\\\/\\\/www.refilat.com\\\/?page_id=3#breadcrumb\",\"itemListElement\":[{\"@type\":\"ListItem\",\"position\":1,\"name\":\"Inici\",\"item\":\"https:\\\/\\\/www.refilat.com\\\/\"},{\"@type\":\"ListItem\",\"position\":2,\"name\":\"Pol\u00edtica de privacitat\"}]},{\"@type\":\"WebSite\",\"@id\":\"https:\\\/\\\/www.refilat.com\\\/#website\",\"url\":\"https:\\\/\\\/www.refilat.com\\\/\",\"name\":\"Refilat Vinoteca\",\"description\":\"Tradici\u00f3 en la distribuci\u00f3 de vins a la Cerdanya\",\"publisher\":{\"@id\":\"https:\\\/\\\/www.refilat.com\\\/#organization\"},\"potentialAction\":[{\"@type\":\"SearchAction\",\"target\":{\"@type\":\"EntryPoint\",\"urlTemplate\":\"https:\\\/\\\/www.refilat.com\\\/?s={search_term_string}\"},\"query-input\":{\"@type\":\"PropertyValueSpecification\",\"valueRequired\":true,\"valueName\":\"search_term_string\"}}],\"inLanguage\":\"ca\"},{\"@type\":\"Organization\",\"@id\":\"https:\\\/\\\/www.refilat.com\\\/#organization\",\"name\":\"Refilat Vinoteca\",\"url\":\"https:\\\/\\\/www.refilat.com\\\/\",\"logo\":{\"@type\":\"ImageObject\",\"inLanguage\":\"ca\",\"@id\":\"https:\\\/\\\/www.refilat.com\\\/#\\\/schema\\\/logo\\\/image\\\/\",\"url\":\"https:\\\/\\\/i0.wp.com\\\/www.refilat.com\\\/wp-content\\\/uploads\\\/2020\\\/07\\\/logo_refilat_02.png?fit=400%2C150&ssl=1\",\"contentUrl\":\"https:\\\/\\\/i0.wp.com\\\/www.refilat.com\\\/wp-content\\\/uploads\\\/2020\\\/07\\\/logo_refilat_02.png?fit=400%2C150&ssl=1\",\"width\":400,\"height\":150,\"caption\":\"Refilat Vinoteca\"},\"image\":{\"@id\":\"https:\\\/\\\/www.refilat.com\\\/#\\\/schema\\\/logo\\\/image\\\/\"}}]}<\/script>\n<!-- \/ Yoast SEO plugin. -->","yoast_head_json":{"title":"Pol\u00edtica de privacitat - Refilat Vinoteca","robots":{"index":"index","follow":"follow","max-snippet":"max-snippet:-1","max-image-preview":"max-image-preview:large","max-video-preview":"max-video-preview:-1"},"canonical":"https:\/\/www.refilat.com\/?page_id=3","og_locale":"ca_ES","og_type":"article","og_title":"Pol\u00edtica de privacitat - Refilat Vinoteca","og_description":"REFILAT VINOTECA A Refilat ens prenem molt seriosament el tractament de les teves dades personals i la teva llibertat. A REFILAT SL ens preocupem per la privacitat i la transpar\u00e8ncia. A continuaci\u00f3, li indiquem detalladament els tractaments de dades personals que realitzem, aix\u00ed com tota la informaci\u00f3 relativa a aquests. Qui \u00e9s el responsable del [&hellip;]","og_url":"https:\/\/www.refilat.com\/?page_id=3","og_site_name":"Refilat Vinoteca","article_modified_time":"2021-01-23T17:27:03+00:00","twitter_card":"summary_large_image","twitter_misc":{"Temps estimat de lectura":"6 minuts"},"schema":{"@context":"https:\/\/schema.org","@graph":[{"@type":"WebPage","@id":"https:\/\/www.refilat.com\/?page_id=3","url":"https:\/\/www.refilat.com\/?page_id=3","name":"Pol\u00edtica de privacitat - Refilat Vinoteca","isPartOf":{"@id":"https:\/\/www.refilat.com\/#website"},"datePublished":"2020-07-15T10:06:56+00:00","dateModified":"2021-01-23T17:27:03+00:00","breadcrumb":{"@id":"https:\/\/www.refilat.com\/?page_id=3#breadcrumb"},"inLanguage":"ca","potentialAction":[{"@type":"ReadAction","target":["https:\/\/www.refilat.com\/?page_id=3"]}]},{"@type":"BreadcrumbList","@id":"https:\/\/www.refilat.com\/?page_id=3#breadcrumb","itemListElement":[{"@type":"ListItem","position":1,"name":"Inici","item":"https:\/\/www.refilat.com\/"},{"@type":"ListItem","position":2,"name":"Pol\u00edtica de privacitat"}]},{"@type":"WebSite","@id":"https:\/\/www.refilat.com\/#website","url":"https:\/\/www.refilat.com\/","name":"Refilat Vinoteca","description":"Tradici\u00f3 en la distribuci\u00f3 de vins a la Cerdanya","publisher":{"@id":"https:\/\/www.refilat.com\/#organization"},"potentialAction":[{"@type":"SearchAction","target":{"@type":"EntryPoint","urlTemplate":"https:\/\/www.refilat.com\/?s={search_term_string}"},"query-input":{"@type":"PropertyValueSpecification","valueRequired":true,"valueName":"search_term_string"}}],"inLanguage":"ca"},{"@type":"Organization","@id":"https:\/\/www.refilat.com\/#organization","name":"Refilat Vinoteca","url":"https:\/\/www.refilat.com\/","logo":{"@type":"ImageObject","inLanguage":"ca","@id":"https:\/\/www.refilat.com\/#\/schema\/logo\/image\/","url":"https:\/\/i0.wp.com\/www.refilat.com\/wp-content\/uploads\/2020\/07\/logo_refilat_02.png?fit=400%2C150&ssl=1","contentUrl":"https:\/\/i0.wp.com\/www.refilat.com\/wp-content\/uploads\/2020\/07\/logo_refilat_02.png?fit=400%2C150&ssl=1","width":400,"height":150,"caption":"Refilat Vinoteca"},"image":{"@id":"https:\/\/www.refilat.com\/#\/schema\/logo\/image\/"}}]}},"lang":"ca","translations":{"ca":3,"es":1905},"jetpack_sharing_enabled":true,"pll_sync_post":[],"_links":{"self":[{"href":"https:\/\/www.refilat.com\/index.php?rest_route=\/wp\/v2\/pages\/3","targetHints":{"allow":["GET"]}}],"collection":[{"href":"https:\/\/www.refilat.com\/index.php?rest_route=\/wp\/v2\/pages"}],"about":[{"href":"https:\/\/www.refilat.com\/index.php?rest_route=\/wp\/v2\/types\/page"}],"author":[{"embeddable":true,"href":"https:\/\/www.refilat.com\/index.php?rest_route=\/wp\/v2\/users\/1"}],"replies":[{"embeddable":true,"href":"https:\/\/www.refilat.com\/index.php?rest_route=%2Fwp%2Fv2%2Fcomments&post=3"}],"version-history":[{"count":66,"href":"https:\/\/www.refilat.com\/index.php?rest_route=\/wp\/v2\/pages\/3\/revisions"}],"predecessor-version":[{"id":3770,"href":"https:\/\/www.refilat.com\/index.php?rest_route=\/wp\/v2\/pages\/3\/revisions\/3770"}],"wp:attachment":[{"href":"https:\/\/www.refilat.com\/index.php?rest_route=%2Fwp%2Fv2%2Fmedia&parent=3"}],"curies":[{"name":"wp","href":"https:\/\/api.w.org\/{rel}","templated":true}]}}