{"id":1905,"date":"2020-07-15T11:06:56","date_gmt":"2020-07-15T10:06:56","guid":{"rendered":"https:\/\/www.refilat.com\/?page_id=3"},"modified":"2021-01-23T18:27:23","modified_gmt":"2021-01-23T17:27:23","slug":"politica-de-privacidad","status":"publish","type":"page","link":"https:\/\/www.refilat.com\/?page_id=1905&lang=es","title":{"rendered":"Pol\u00edtica de privacidad"},"content":{"rendered":"\t\t<div data-elementor-type=\"wp-page\" data-elementor-id=\"1905\" class=\"elementor elementor-1905\">\n\t\t\t\t\t\t<section class=\"elementor-section elementor-top-section elementor-element elementor-element-9a596c5 elementor-section-height-min-height elementor-section-boxed elementor-section-height-default elementor-section-items-middle\" data-id=\"9a596c5\" data-element_type=\"section\" data-e-type=\"section\" data-settings=\"{&quot;background_background&quot;:&quot;classic&quot;}\">\n\t\t\t\t\t\t<div class=\"elementor-container elementor-column-gap-default\">\n\t\t\t\t\t<div class=\"elementor-column elementor-col-100 elementor-top-column elementor-element elementor-element-1d3a2bd\" data-id=\"1d3a2bd\" data-element_type=\"column\" data-e-type=\"column\">\n\t\t\t<div class=\"elementor-widget-wrap elementor-element-populated\">\n\t\t\t\t\t\t<div class=\"elementor-element elementor-element-563211a elementor-widget elementor-widget-heading\" data-id=\"563211a\" data-element_type=\"widget\" data-e-type=\"widget\" data-widget_type=\"heading.default\">\n\t\t\t\t<div class=\"elementor-widget-container\">\n\t\t\t\t\t<p class=\"elementor-heading-title elementor-size-default\">REFILAT VINOTECA<\/p>\t\t\t\t<\/div>\n\t\t\t\t<\/div>\n\t\t\t\t<div class=\"elementor-element elementor-element-8bd1598 elementor-widget elementor-widget-heading\" data-id=\"8bd1598\" data-element_type=\"widget\" data-e-type=\"widget\" data-widget_type=\"heading.default\">\n\t\t\t\t<div class=\"elementor-widget-container\">\n\t\t\t\t\t<h1 class=\"elementor-heading-title elementor-size-default\">POL\u00cdTICA DE PRIVACIDAD<\/h1>\t\t\t\t<\/div>\n\t\t\t\t<\/div>\n\t\t\t\t<div class=\"elementor-element elementor-element-cd59622 elementor-widget__width-initial elementor-widget elementor-widget-text-editor\" data-id=\"cd59622\" data-element_type=\"widget\" data-e-type=\"widget\" data-widget_type=\"text-editor.default\">\n\t\t\t\t<div class=\"elementor-widget-container\">\n\t\t\t\t\t\t\t\t\t<p>En Refilat nos tomamos muy en serio el tratamiento de sus datos personales y su libertad.<\/p>\t\t\t\t\t\t\t\t<\/div>\n\t\t\t\t<\/div>\n\t\t\t\t\t<\/div>\n\t\t<\/div>\n\t\t\t\t\t<\/div>\n\t\t<\/section>\n\t\t\t\t<section class=\"elementor-section elementor-top-section elementor-element elementor-element-1192f338 elementor-section-boxed elementor-section-height-default elementor-section-height-default\" data-id=\"1192f338\" data-element_type=\"section\" data-e-type=\"section\">\n\t\t\t\t\t\t<div class=\"elementor-container elementor-column-gap-default\">\n\t\t\t\t\t<div class=\"elementor-column elementor-col-100 elementor-top-column elementor-element elementor-element-6aca2eab\" data-id=\"6aca2eab\" data-element_type=\"column\" data-e-type=\"column\">\n\t\t\t<div class=\"elementor-widget-wrap elementor-element-populated\">\n\t\t\t\t\t\t<div class=\"elementor-element elementor-element-1699cd42 elementor-widget elementor-widget-text-editor\" data-id=\"1699cd42\" data-element_type=\"widget\" data-e-type=\"widget\" data-widget_type=\"text-editor.default\">\n\t\t\t\t<div class=\"elementor-widget-container\">\n\t\t\t\t\t\t\t\t\t<h1><span style=\"font-size: 16px; font-style: inherit; font-weight: inherit; font-family: Lato, sans-serif;\">En REFILAT SL nos preocupamos por la privacidad y transparencia.<\/span><br><\/h1>\n<p>A continuaci\u00f3n, indicamos en detalle el tratamiento de los datos personales que realizamos, as\u00ed como toda la informaci\u00f3n relativa a los mismas.<\/p>\n<h2><strong>\u00bfQui\u00e9n es responsable del tratamiento de sus datos?<\/strong><\/h2>\n<p>REFILAT SL.<\/p>\n<p>B17259888.<\/p>\n<p>C\/ Agust\u00ed Manaut, 15 &#8211; 17539 &#8211; Bolvir &#8211; GIRONA.<\/p>\n<p>972883156.<\/p>\n<p>info@refilat.com.<\/p>\n<h2><strong>\u00bfCu\u00e1les son sus derechos cuando nos proporciona sus datos?<\/strong><\/h2>\n<p>Cualquier persona tiene derecho a obtener confirmaci\u00f3n sobre si REFILAT SL est\u00e1 tratando o no los datos personales que le conciernen.<\/p>\n<p>Las personas interesadas tienen derecho a acceder a sus datos personales, as\u00ed como a solicitar la rectificaci\u00f3n de los datos inexactos o, en su caso, solicitar su supresi\u00f3n cuando, entre otros motivos, los datos ya no sean necesarios para los fines que fueron recogidos. Del mismo modo, tiene derecho a la portabilidad de sus datos.<\/p>\n<p>En determinadas circunstancias, los interesados podr\u00e1n solicitar la limitaci\u00f3n del tratamiento de sus datos, y en este caso s\u00f3lo los conservaremos para el ejercicio o defensa de reclamaciones.<\/p>\n<p>En determinadas circunstancias y por razones relacionadas con su situaci\u00f3n particular, las partes interesadas pueden oponerse al tratamiento de sus datos. En este caso, REFILAT SL dejar\u00e1 de tratar los datos, salvo por razones imperiosas leg\u00edtimas, o por el ejercicio o defensa de posibles reclamaciones.<\/p>\n<p>Puede ejercer materialmente sus derechos de la siguiente manera: poni\u00e9ndose en contacto con info@refilat.com o C\/ Agust\u00ed Manaut, 15 17539 Bolvir Girona.<\/p>\n<p>Al enviar comunicaciones comerciales utilizando como base legal el inter\u00e9s leg\u00edtimo del Responsable, el interesado podr\u00e1 oponerse al tratamiento de sus datos a tal efecto.<\/p>\n<p>El consentimiento otorgado es para todos los fines indicados la base jur\u00eddica de la cual es el consentimiento del interesado. Usted tiene derecho a retirar este consentimiento en cualquier momento, sin que ello afecte a la legalidad del tratamiento basado en el consentimiento previo a su retirada.<\/p>\n<p>Si considera que sus derechos son vulrados por la protecci\u00f3n de sus datos personales, especialmente cuando no ha obtenido satisfacci\u00f3n en el ejercicio de sus derechos, puede presentar una reclamaci\u00f3n ante la Autoridad de Control de Protecci\u00f3n de Datos competente a trav\u00e9s de su sitio web: www.aepd.es.<\/p>\n<ol>\n<li>\n<h2><strong> Tratamiento de datos personales de clientes potenciales y contactos web<\/strong><\/h2>\n<\/li>\n<\/ol>\n<h3 style=\"padding-left: 40px;\"><strong>\u00bfCon qu\u00e9 finalidad tratamos sus datos personales?<\/strong><\/h3>\n<p style=\"padding-left: 40px;\">En REFILAT SL tratamos la informaci\u00f3n facilitada por los interesados con el fin de atender su solicitud y enviarle comunicaciones comerciales y\/o newsletters. En caso de que no proporcione sus datos personales, no podremos cumplir con las funcionalidades descritas anteriormente.<\/p>\n<p style=\"padding-left: 40px;\">Las decisiones automatizadas no se tomar\u00e1n en funci\u00f3n de los datos proporcionados.<\/p>\n<h3 style=\"padding-left: 40px;\"><strong>\u00bfDurante cu\u00e1nto tiempo conservaremos sus datos?<\/strong><\/h3>\n<p style=\"padding-left: 40px;\">Los datos se conservar\u00e1n mientras el interesado no solicite su supresi\u00f3n.<\/p>\n<h3 style=\"padding-left: 40px;\"><strong>\u00bfCu\u00e1l es la legitimidad para el tratamiento de sus datos?<\/strong><\/h3>\n<p style=\"padding-left: 40px;\">Indicamos la base legal para el tratamiento de sus datos:<\/p>\n<ul>\n<li style=\"list-style-type: none;\">\n<ul>\n<li>Ejecuci\u00f3n de un contrato: Asistir a su solicitud.<\/li>\n<li>Consentimiento del interesado: Enviarle comunicaciones comerciales y\/o boletines informativos.<\/li>\n<\/ul>\n<\/li>\n<\/ul>\n<h3 style=\"padding-left: 40px;\"><strong>\u00bfA qu\u00e9 destinatarios se comunicar\u00e1n sus datos?<\/strong><\/h3>\n<p style=\"padding-left: 40px;\">No se ceder\u00e1n datos a terceros, salvo obligaci\u00f3n legal.<\/p>\n<h3 style=\"padding-left: 40px;\"><strong>Transferencias de datos a terceros pa\u00edses.<\/strong><\/h3>\n<p style=\"padding-left: 40px;\">No se prev\u00e9n transferencias de datos a terceros pa\u00edses.<\/p>\n<h2>\n<ol start=\"2\">\n<li><strong> Procesamiento de datos personales de correo electr\u00f3nico<\/strong><\/li>\n<\/ol>\n<\/h2>\n<h3 style=\"padding-left: 40px;\"><strong>\u00bfCon qu\u00e9 finalidad tratamos sus datos personales?<\/strong><\/h3>\n<p style=\"padding-left: 40px;\">En REFILAT SL tratamos la informaci\u00f3n facilitada por los interesados con el fin de prestar los servicios que ha solicitado, responder a sus solicitudes de informaci\u00f3n y enviarle comunicaciones comerciales. En caso de que no proporcione sus datos personales, no podremos cumplir con las funcionalidades descritas anteriormente.<\/p>\n<p style=\"padding-left: 40px;\">Las decisiones automatizadas no se tomar\u00e1n en funci\u00f3n de los datos proporcionados.<\/p>\n<p style=\"padding-left: 40px;\">\u00bfDurante cu\u00e1nto tiempo conservaremos sus datos?<\/p>\n<p style=\"padding-left: 40px;\">Los datos se conservar\u00e1n mientras el interesado no solicite su supresi\u00f3n.<\/p>\n<h3 style=\"padding-left: 40px;\"><strong>\u00bfCu\u00e1l es la legitimidad para el tratamiento de sus datos?<\/strong><\/h3>\n<p style=\"padding-left: 40px;\">Indicamos la base legal para el tratamiento de sus datos:<\/p>\n<ul>\n<li style=\"list-style-type: none;\">\n<ul>\n<li>Ejecuci\u00f3n del contrato: Atienda su solicitud.<\/li>\n<li>Inter\u00e9s leg\u00edtimo de la persona a cargo: Env\u00edo de comunicaciones comerciales sobre nuestros productos basadas en un inter\u00e9s comprobado.<\/li>\n<li>Consentimiento de la Parte Interesada: Contactar y enviar comunicaciones comerciales sobre nuestros productos en base al inter\u00e9s comprobado.<\/li>\n<\/ul>\n<\/li>\n<\/ul>\n<h3 style=\"padding-left: 40px;\"><strong>\u00bfA qu\u00e9 destinatarios se comunicar\u00e1n sus datos?<\/strong><\/h3>\n<p style=\"padding-left: 40px;\">No se ceder\u00e1n datos a terceros, salvo obligaci\u00f3n legal.<\/p>\n<h3 style=\"padding-left: 40px;\"><strong>Transferencias de datos a terceros pa\u00edses.<\/strong><\/h3>\n<p style=\"padding-left: 40px;\">No se prev\u00e9n transferencias de datos a terceros pa\u00edses.<\/p>\n<h2>\n<ol start=\"3\">\n<li><strong> Tratamiento de datos personales de clientes y registro de nuevos usuarios<\/strong><\/li>\n<\/ol>\n<\/h2>\n<h3 style=\"padding-left: 40px;\"><strong>\u00bfCon qu\u00e9 finalidad tratamos sus datos personales?<\/strong><\/h3>\n<p style=\"padding-left: 40px;\">En REFILAT SL tratamos la informaci\u00f3n facilitada por las personas interesadas con fines de registro, en su caso, y posterior gesti\u00f3n de las solicitudes de los usuarios de la web, realizamos la gesti\u00f3n administrativa, contable y fiscal de los servicios solicitados, as\u00ed como el env\u00edo de comunicaciones comerciales sobre nuestros productos y\/o newsletter. En caso de que no proporcione sus datos personales, no podremos cumplir con las funcionalidades descritas anteriormente.<\/p>\n<p style=\"padding-left: 40px;\">Las decisiones automatizadas no se tomar\u00e1n en funci\u00f3n de los datos proporcionados<strong>.<\/strong><\/p>\n<h3 style=\"padding-left: 40px;\"><strong>\u00bfDurante cu\u00e1nto tiempo conservaremos sus datos?<\/strong><\/h3>\n<p style=\"padding-left: 40px;\">Los datos se conservar\u00e1n mientras se mantenga la relaci\u00f3n comercial o durante los a\u00f1os necesarios para cumplir con las obligaciones legales.<\/p>\n<h3 style=\"padding-left: 40px;\"><strong>\u00bfCu\u00e1l es la legitimidad para el tratamiento de sus datos?<\/strong><\/h3>\n<p style=\"padding-left: 40px;\">Indicamos la base legal para el tratamiento de sus datos:<\/p>\n<ul>\n<li style=\"list-style-type: none;\">\n<ul>\n<li>Ejecuci\u00f3n de un contrato: Registro, en su caso, y posterior gesti\u00f3n de las solicitudes de los usuarios de la web y, en su caso, llevar a cabo la gesti\u00f3n administrativa, contable y fiscal de los servicios solicitados.<\/li>\n<li>Consentimiento del interesado: Env\u00edo de comunicaciones comerciales sobre nuestros productos y\/o newsletter.<\/li>\n<\/ul>\n<\/li>\n<\/ul>\n<h3 style=\"padding-left: 40px;\"><strong>\u00bfA qu\u00e9 destinatarios se comunicar\u00e1n sus datos?<\/strong><\/h3>\n<p style=\"padding-left: 40px;\">Los datos se comunicar\u00e1n a los siguientes destinatarios:<\/p>\n<ul>\n<li style=\"list-style-type: none;\">\n<ul>\n<li>En su caso, la Administraci\u00f3n Tributaria, con el fin de cumplir con las obligaciones legales (requisito legal).<\/li>\n<li>En su caso, las entidades financieras, con el fin de rotar las facturas correspondientes (requisito contractual).<\/li>\n<li>En su caso courier o empresa de transporte, con el fin de gestionar la recogida, seguimiento y entrega de env\u00edos.<\/li>\n<\/ul>\n<\/li>\n<\/ul>\n<h3 style=\"padding-left: 40px;\"><strong>Transferencias de datos a terceros pa\u00edses.<\/strong><\/h3>\n<p style=\"padding-left: 40px;\">No se prev\u00e9n transferencias de datos a terceros pa\u00edses.<\/p>\n<ol start=\"4\">\n<li>\n<h2><strong> Procesamiento de datos personales de videovigilancia<\/strong><\/h2>\n<\/li>\n<\/ol>\n<h3 style=\"padding-left: 40px;\"><strong>\u00bfCon qu\u00e9 finalidad tratamos sus datos personales?<\/strong><\/h3>\n<p style=\"padding-left: 40px;\">En REFILAT SL tratamos la informaci\u00f3n facilitada por los interesados con el fin de garantizar la seguridad de las personas, bienes e instalaciones. En caso de que no proporcione sus datos personales, no podremos cumplir con las funcionalidades descritas anteriormente.<\/p>\n<p style=\"padding-left: 40px;\">Las decisiones automatizadas no se tomar\u00e1n en funci\u00f3n de los datos proporcionados.<\/p>\n<h3 style=\"padding-left: 40px;\"><strong>\u00bfDurante cu\u00e1nto tiempo mantendremos sus datos?<\/strong><\/h3>\n<p style=\"padding-left: 40px;\">Los datos se conservar\u00e1n durante un m\u00e1ximo de 30 d\u00edas, excepto para la comunicaci\u00f3n a las Fuerzas y Cuerpos de Seguridad, y\/o a los Tribunales y Tribunales.<\/p>\n<h3 style=\"padding-left: 40px;\"><strong>\u00bfCu\u00e1l es la legitimidad para el tratamiento de sus datos?<\/strong><\/h3>\n<p style=\"padding-left: 40px;\">Indicamos la base legal para el tratamiento de sus datos:<\/p>\n<ul>\n<li style=\"list-style-type: none;\">\n<ul>\n<li>Misi\u00f3n de inter\u00e9s p\u00fablico: Garantizar la seguridad de las personas, los bienes y las instalaciones.<\/li>\n<\/ul>\n<\/li>\n<\/ul>\n<h3 style=\"padding-left: 40px;\"><strong>\u00bfA qu\u00e9 destinatarios se comunicar\u00e1n sus datos?<\/strong><\/h3>\n<p style=\"padding-left: 40px;\">Los datos se comunicar\u00e1n a los siguientes destinatarios:<\/p>\n<ul>\n<li style=\"list-style-type: none;\">\n<ul>\n<li>Cuando proceda, las fuerzas y cuerpos de seguridad del Estado, as\u00ed como los Tribunales y Tribunales, con el fin de proporcionar las im\u00e1genes si se ha cometido un delito (requisito legal).<\/li>\n<\/ul>\n<\/li>\n<\/ul>\n<h3 style=\"padding-left: 40px;\"><strong>Transferencias de datos a terceros pa\u00edses.<\/strong><\/h3>\n<p style=\"padding-left: 40px;\">No se prev\u00e9n transferencias de datos a terceros pa\u00edses.<\/p>\t\t\t\t\t\t\t\t<\/div>\n\t\t\t\t<\/div>\n\t\t\t\t\t<\/div>\n\t\t<\/div>\n\t\t\t\t\t<\/div>\n\t\t<\/section>\n\t\t\t\t<\/div>\n\t\t","protected":false},"excerpt":{"rendered":"<p>REFILAT VINOTECA En Refilat nos tomamos muy en serio el tratamiento de sus datos personales y su libertad. En REFILAT SL nos preocupamos por la privacidad y transparencia. A continuaci\u00f3n, indicamos en detalle el tratamiento de los datos personales que realizamos, as\u00ed como toda la informaci\u00f3n relativa a los mismas. \u00bfQui\u00e9n es responsable del tratamiento [&hellip;]<\/p>\n","protected":false},"author":1,"featured_media":0,"parent":0,"menu_order":0,"comment_status":"closed","ping_status":"closed","template":"elementor_header_footer","meta":{"site-sidebar-layout":"default","site-content-layout":"","ast-site-content-layout":"default","site-content-style":"default","site-sidebar-style":"default","ast-global-header-display":"","ast-banner-title-visibility":"","ast-main-header-display":"","ast-hfb-above-header-display":"","ast-hfb-below-header-display":"","ast-hfb-mobile-header-display":"","site-post-title":"","ast-breadcrumbs-content":"","ast-featured-img":"","footer-sml-layout":"","ast-disable-related-posts":"","theme-transparent-header-meta":"","adv-header-id-meta":"","stick-header-meta":"","header-above-stick-meta":"","header-main-stick-meta":"","header-below-stick-meta":"","astra-migrate-meta-layouts":"default","ast-page-background-enabled":"default","ast-page-background-meta":{"desktop":{"background-color":"","background-image":"","background-repeat":"repeat","background-position":"center center","background-size":"auto","background-attachment":"scroll","background-type":"","background-media":"","overlay-type":"","overlay-color":"","overlay-opacity":"","overlay-gradient":""},"tablet":{"background-color":"","background-image":"","background-repeat":"repeat","background-position":"center center","background-size":"auto","background-attachment":"scroll","background-type":"","background-media":"","overlay-type":"","overlay-color":"","overlay-opacity":"","overlay-gradient":""},"mobile":{"background-color":"","background-image":"","background-repeat":"repeat","background-position":"center center","background-size":"auto","background-attachment":"scroll","background-type":"","background-media":"","overlay-type":"","overlay-color":"","overlay-opacity":"","overlay-gradient":""}},"ast-content-background-meta":{"desktop":{"background-color":"var(--ast-global-color-5)","background-image":"","background-repeat":"repeat","background-position":"center center","background-size":"auto","background-attachment":"scroll","background-type":"","background-media":"","overlay-type":"","overlay-color":"","overlay-opacity":"","overlay-gradient":""},"tablet":{"background-color":"var(--ast-global-color-5)","background-image":"","background-repeat":"repeat","background-position":"center center","background-size":"auto","background-attachment":"scroll","background-type":"","background-media":"","overlay-type":"","overlay-color":"","overlay-opacity":"","overlay-gradient":""},"mobile":{"background-color":"var(--ast-global-color-5)","background-image":"","background-repeat":"repeat","background-position":"center center","background-size":"auto","background-attachment":"scroll","background-type":"","background-media":"","overlay-type":"","overlay-color":"","overlay-opacity":"","overlay-gradient":""}},"footnotes":""},"class_list":["post-1905","page","type-page","status-publish","hentry"],"yoast_head":"<!-- This site is optimized with the Yoast SEO plugin v27.5 - https:\/\/yoast.com\/product\/yoast-seo-wordpress\/ -->\n<title>Pol\u00edtica de privacidad - Refilat Vinoteca<\/title>\n<meta name=\"robots\" content=\"index, follow, max-snippet:-1, max-image-preview:large, max-video-preview:-1\" \/>\n<link rel=\"canonical\" href=\"https:\/\/www.refilat.com\/?page_id=1905&lang=es\" \/>\n<meta property=\"og:locale\" content=\"ca_ES\" \/>\n<meta property=\"og:type\" content=\"article\" \/>\n<meta property=\"og:title\" content=\"Pol\u00edtica de privacidad - Refilat Vinoteca\" \/>\n<meta property=\"og:description\" content=\"REFILAT VINOTECA En Refilat nos tomamos muy en serio el tratamiento de sus datos personales y su libertad. En REFILAT SL nos preocupamos por la privacidad y transparencia. A continuaci\u00f3n, indicamos en detalle el tratamiento de los datos personales que realizamos, as\u00ed como toda la informaci\u00f3n relativa a los mismas. \u00bfQui\u00e9n es responsable del tratamiento [&hellip;]\" \/>\n<meta property=\"og:url\" content=\"https:\/\/www.refilat.com\/?page_id=1905&amp;lang=es\" \/>\n<meta property=\"og:site_name\" content=\"Refilat Vinoteca\" \/>\n<meta property=\"article:modified_time\" content=\"2021-01-23T17:27:23+00:00\" \/>\n<meta name=\"twitter:card\" content=\"summary_large_image\" \/>\n<meta name=\"twitter:label1\" content=\"Temps estimat de lectura\" \/>\n\t<meta name=\"twitter:data1\" content=\"6 minuts\" \/>\n<script type=\"application\/ld+json\" class=\"yoast-schema-graph\">{\"@context\":\"https:\\\/\\\/schema.org\",\"@graph\":[{\"@type\":\"WebPage\",\"@id\":\"https:\\\/\\\/www.refilat.com\\\/?page_id=1905&lang=es\",\"url\":\"https:\\\/\\\/www.refilat.com\\\/?page_id=1905&lang=es\",\"name\":\"Pol\u00edtica de privacidad - Refilat Vinoteca\",\"isPartOf\":{\"@id\":\"https:\\\/\\\/www.refilat.com\\\/#website\"},\"datePublished\":\"2020-07-15T10:06:56+00:00\",\"dateModified\":\"2021-01-23T17:27:23+00:00\",\"breadcrumb\":{\"@id\":\"https:\\\/\\\/www.refilat.com\\\/?page_id=1905&lang=es#breadcrumb\"},\"inLanguage\":\"ca\",\"potentialAction\":[{\"@type\":\"ReadAction\",\"target\":[\"https:\\\/\\\/www.refilat.com\\\/?page_id=1905&lang=es\"]}]},{\"@type\":\"BreadcrumbList\",\"@id\":\"https:\\\/\\\/www.refilat.com\\\/?page_id=1905&lang=es#breadcrumb\",\"itemListElement\":[{\"@type\":\"ListItem\",\"position\":1,\"name\":\"Inici\",\"item\":\"https:\\\/\\\/www.refilat.com\\\/\"},{\"@type\":\"ListItem\",\"position\":2,\"name\":\"Pol\u00edtica de privacidad\"}]},{\"@type\":\"WebSite\",\"@id\":\"https:\\\/\\\/www.refilat.com\\\/#website\",\"url\":\"https:\\\/\\\/www.refilat.com\\\/\",\"name\":\"Refilat Vinoteca\",\"description\":\"Tradici\u00f3 en la distribuci\u00f3 de vins a la Cerdanya\",\"publisher\":{\"@id\":\"https:\\\/\\\/www.refilat.com\\\/#organization\"},\"potentialAction\":[{\"@type\":\"SearchAction\",\"target\":{\"@type\":\"EntryPoint\",\"urlTemplate\":\"https:\\\/\\\/www.refilat.com\\\/?s={search_term_string}\"},\"query-input\":{\"@type\":\"PropertyValueSpecification\",\"valueRequired\":true,\"valueName\":\"search_term_string\"}}],\"inLanguage\":\"ca\"},{\"@type\":\"Organization\",\"@id\":\"https:\\\/\\\/www.refilat.com\\\/#organization\",\"name\":\"Refilat Vinoteca\",\"url\":\"https:\\\/\\\/www.refilat.com\\\/\",\"logo\":{\"@type\":\"ImageObject\",\"inLanguage\":\"ca\",\"@id\":\"https:\\\/\\\/www.refilat.com\\\/#\\\/schema\\\/logo\\\/image\\\/\",\"url\":\"https:\\\/\\\/i0.wp.com\\\/www.refilat.com\\\/wp-content\\\/uploads\\\/2020\\\/07\\\/logo_refilat_02.png?fit=400%2C150&ssl=1\",\"contentUrl\":\"https:\\\/\\\/i0.wp.com\\\/www.refilat.com\\\/wp-content\\\/uploads\\\/2020\\\/07\\\/logo_refilat_02.png?fit=400%2C150&ssl=1\",\"width\":400,\"height\":150,\"caption\":\"Refilat Vinoteca\"},\"image\":{\"@id\":\"https:\\\/\\\/www.refilat.com\\\/#\\\/schema\\\/logo\\\/image\\\/\"}}]}<\/script>\n<!-- \/ Yoast SEO plugin. -->","yoast_head_json":{"title":"Pol\u00edtica de privacidad - Refilat Vinoteca","robots":{"index":"index","follow":"follow","max-snippet":"max-snippet:-1","max-image-preview":"max-image-preview:large","max-video-preview":"max-video-preview:-1"},"canonical":"https:\/\/www.refilat.com\/?page_id=1905&lang=es","og_locale":"ca_ES","og_type":"article","og_title":"Pol\u00edtica de privacidad - Refilat Vinoteca","og_description":"REFILAT VINOTECA En Refilat nos tomamos muy en serio el tratamiento de sus datos personales y su libertad. En REFILAT SL nos preocupamos por la privacidad y transparencia. A continuaci\u00f3n, indicamos en detalle el tratamiento de los datos personales que realizamos, as\u00ed como toda la informaci\u00f3n relativa a los mismas. \u00bfQui\u00e9n es responsable del tratamiento [&hellip;]","og_url":"https:\/\/www.refilat.com\/?page_id=1905&lang=es","og_site_name":"Refilat Vinoteca","article_modified_time":"2021-01-23T17:27:23+00:00","twitter_card":"summary_large_image","twitter_misc":{"Temps estimat de lectura":"6 minuts"},"schema":{"@context":"https:\/\/schema.org","@graph":[{"@type":"WebPage","@id":"https:\/\/www.refilat.com\/?page_id=1905&lang=es","url":"https:\/\/www.refilat.com\/?page_id=1905&lang=es","name":"Pol\u00edtica de privacidad - Refilat Vinoteca","isPartOf":{"@id":"https:\/\/www.refilat.com\/#website"},"datePublished":"2020-07-15T10:06:56+00:00","dateModified":"2021-01-23T17:27:23+00:00","breadcrumb":{"@id":"https:\/\/www.refilat.com\/?page_id=1905&lang=es#breadcrumb"},"inLanguage":"ca","potentialAction":[{"@type":"ReadAction","target":["https:\/\/www.refilat.com\/?page_id=1905&lang=es"]}]},{"@type":"BreadcrumbList","@id":"https:\/\/www.refilat.com\/?page_id=1905&lang=es#breadcrumb","itemListElement":[{"@type":"ListItem","position":1,"name":"Inici","item":"https:\/\/www.refilat.com\/"},{"@type":"ListItem","position":2,"name":"Pol\u00edtica de privacidad"}]},{"@type":"WebSite","@id":"https:\/\/www.refilat.com\/#website","url":"https:\/\/www.refilat.com\/","name":"Refilat Vinoteca","description":"Tradici\u00f3 en la distribuci\u00f3 de vins a la Cerdanya","publisher":{"@id":"https:\/\/www.refilat.com\/#organization"},"potentialAction":[{"@type":"SearchAction","target":{"@type":"EntryPoint","urlTemplate":"https:\/\/www.refilat.com\/?s={search_term_string}"},"query-input":{"@type":"PropertyValueSpecification","valueRequired":true,"valueName":"search_term_string"}}],"inLanguage":"ca"},{"@type":"Organization","@id":"https:\/\/www.refilat.com\/#organization","name":"Refilat Vinoteca","url":"https:\/\/www.refilat.com\/","logo":{"@type":"ImageObject","inLanguage":"ca","@id":"https:\/\/www.refilat.com\/#\/schema\/logo\/image\/","url":"https:\/\/i0.wp.com\/www.refilat.com\/wp-content\/uploads\/2020\/07\/logo_refilat_02.png?fit=400%2C150&ssl=1","contentUrl":"https:\/\/i0.wp.com\/www.refilat.com\/wp-content\/uploads\/2020\/07\/logo_refilat_02.png?fit=400%2C150&ssl=1","width":400,"height":150,"caption":"Refilat Vinoteca"},"image":{"@id":"https:\/\/www.refilat.com\/#\/schema\/logo\/image\/"}}]}},"lang":"es","translations":{"ca":3,"es":1905},"jetpack_sharing_enabled":true,"pll_sync_post":[],"_links":{"self":[{"href":"https:\/\/www.refilat.com\/index.php?rest_route=\/wp\/v2\/pages\/1905","targetHints":{"allow":["GET"]}}],"collection":[{"href":"https:\/\/www.refilat.com\/index.php?rest_route=\/wp\/v2\/pages"}],"about":[{"href":"https:\/\/www.refilat.com\/index.php?rest_route=\/wp\/v2\/types\/page"}],"author":[{"embeddable":true,"href":"https:\/\/www.refilat.com\/index.php?rest_route=\/wp\/v2\/users\/1"}],"replies":[{"embeddable":true,"href":"https:\/\/www.refilat.com\/index.php?rest_route=%2Fwp%2Fv2%2Fcomments&post=1905"}],"version-history":[{"count":28,"href":"https:\/\/www.refilat.com\/index.php?rest_route=\/wp\/v2\/pages\/1905\/revisions"}],"predecessor-version":[{"id":3773,"href":"https:\/\/www.refilat.com\/index.php?rest_route=\/wp\/v2\/pages\/1905\/revisions\/3773"}],"wp:attachment":[{"href":"https:\/\/www.refilat.com\/index.php?rest_route=%2Fwp%2Fv2%2Fmedia&parent=1905"}],"curies":[{"name":"wp","href":"https:\/\/api.w.org\/{rel}","templated":true}]}}