{"id":102,"date":"2020-07-15T13:07:37","date_gmt":"2020-07-15T12:07:37","guid":{"rendered":"https:\/\/www.refilat.com\/?page_id=102"},"modified":"2024-02-23T09:37:37","modified_gmt":"2024-02-23T08:37:37","slug":"contacta-amb-nosaltres","status":"publish","type":"page","link":"https:\/\/www.refilat.com\/?page_id=102","title":{"rendered":"Contacta amb nosaltres"},"content":{"rendered":"\t\t<div data-elementor-type=\"wp-page\" data-elementor-id=\"102\" class=\"elementor elementor-102\">\n\t\t\t\t\t\t<section class=\"elementor-section elementor-top-section elementor-element elementor-element-7aa392fd elementor-section-height-min-height elementor-section-boxed elementor-section-height-default elementor-section-items-middle\" data-id=\"7aa392fd\" data-element_type=\"section\" data-e-type=\"section\" data-settings=\"{&quot;background_background&quot;:&quot;classic&quot;}\">\n\t\t\t\t\t\t<div class=\"elementor-container elementor-column-gap-default\">\n\t\t\t\t\t<div class=\"elementor-column elementor-col-100 elementor-top-column elementor-element elementor-element-263cd639\" data-id=\"263cd639\" data-element_type=\"column\" data-e-type=\"column\">\n\t\t\t<div class=\"elementor-widget-wrap elementor-element-populated\">\n\t\t\t\t\t\t<div class=\"elementor-element elementor-element-7a355e4e elementor-widget elementor-widget-heading\" data-id=\"7a355e4e\" data-element_type=\"widget\" data-e-type=\"widget\" data-widget_type=\"heading.default\">\n\t\t\t\t<div class=\"elementor-widget-container\">\n\t\t\t\t\t<p class=\"elementor-heading-title elementor-size-default\">SI TENS QUALSEVOL DUBTE O VOLS M\u00c9S INFORMACI\u00d3...<\/p>\t\t\t\t<\/div>\n\t\t\t\t<\/div>\n\t\t\t\t<div class=\"elementor-element elementor-element-29e84a31 elementor-widget elementor-widget-heading\" data-id=\"29e84a31\" data-element_type=\"widget\" data-e-type=\"widget\" data-widget_type=\"heading.default\">\n\t\t\t\t<div class=\"elementor-widget-container\">\n\t\t\t\t\t<h1 class=\"elementor-heading-title elementor-size-default\">CONTACTA AMB NOSALTRES<\/h1>\t\t\t\t<\/div>\n\t\t\t\t<\/div>\n\t\t\t\t<div class=\"elementor-element elementor-element-5a09a927 elementor-widget__width-initial elementor-widget elementor-widget-text-editor\" data-id=\"5a09a927\" data-element_type=\"widget\" data-e-type=\"widget\" data-widget_type=\"text-editor.default\">\n\t\t\t\t<div class=\"elementor-widget-container\">\n\t\t\t\t\t\t\t\t\t<p>Si la teva passi\u00f3 \u00e9s el vi no dubtis a compartir amb nosaltres les teves inquietuds. Estem aqu\u00ed per a servir-te i assessorar-te!<\/p>\t\t\t\t\t\t\t\t<\/div>\n\t\t\t\t<\/div>\n\t\t\t\t\t<\/div>\n\t\t<\/div>\n\t\t\t\t\t<\/div>\n\t\t<\/section>\n\t\t\t\t<section class=\"elementor-section elementor-top-section elementor-element elementor-element-67bacb1 elementor-section-full_width elementor-section-height-default elementor-section-height-default\" data-id=\"67bacb1\" data-element_type=\"section\" data-e-type=\"section\">\n\t\t\t\t\t\t\t<div class=\"elementor-background-overlay\"><\/div>\n\t\t\t\t\t\t\t<div class=\"elementor-container elementor-column-gap-no\">\n\t\t\t\t\t<div class=\"elementor-column elementor-col-100 elementor-top-column elementor-element elementor-element-31a535ce\" data-id=\"31a535ce\" data-element_type=\"column\" data-e-type=\"column\">\n\t\t\t<div class=\"elementor-widget-wrap elementor-element-populated\">\n\t\t\t\t\t\t<div class=\"elementor-element elementor-element-7bc0b3b6 elementor-widget elementor-widget-google_maps\" data-id=\"7bc0b3b6\" data-element_type=\"widget\" data-e-type=\"widget\" data-widget_type=\"google_maps.default\">\n\t\t\t\t<div class=\"elementor-widget-container\">\n\t\t\t\t\t\t\t<div class=\"elementor-custom-embed\">\n\t\t\t<iframe loading=\"lazy\"\n\t\t\t\t\tsrc=\"https:\/\/maps.google.com\/maps?q=Refilat%20Vinoteca%20-%20%28Puigcerd%C3%A0%29&#038;t=m&#038;z=16&#038;output=embed&#038;iwloc=near\"\n\t\t\t\t\ttitle=\"Refilat Vinoteca - (Puigcerd\u00e0)\"\n\t\t\t\t\taria-label=\"Refilat Vinoteca - (Puigcerd\u00e0)\"\n\t\t\t><\/iframe>\n\t\t<\/div>\n\t\t\t\t\t\t<\/div>\n\t\t\t\t<\/div>\n\t\t\t\t\t<\/div>\n\t\t<\/div>\n\t\t\t\t\t<\/div>\n\t\t<\/section>\n\t\t\t\t<section class=\"elementor-section elementor-top-section elementor-element elementor-element-27bffeef elementor-section-boxed elementor-section-height-default elementor-section-height-default\" data-id=\"27bffeef\" data-element_type=\"section\" data-e-type=\"section\">\n\t\t\t\t\t\t<div class=\"elementor-container elementor-column-gap-default\">\n\t\t\t\t\t<div class=\"elementor-column elementor-col-33 elementor-top-column elementor-element elementor-element-2a0c491d\" data-id=\"2a0c491d\" data-element_type=\"column\" data-e-type=\"column\">\n\t\t\t<div class=\"elementor-widget-wrap\">\n\t\t\t\t\t\t\t<\/div>\n\t\t<\/div>\n\t\t\t\t<div class=\"elementor-column elementor-col-33 elementor-top-column elementor-element elementor-element-7d02486a\" data-id=\"7d02486a\" data-element_type=\"column\" data-e-type=\"column\">\n\t\t\t<div class=\"elementor-widget-wrap elementor-element-populated\">\n\t\t\t\t\t\t<div class=\"elementor-element elementor-element-543c2690 elementor-widget elementor-widget-text-editor\" data-id=\"543c2690\" data-element_type=\"widget\" data-e-type=\"widget\" data-widget_type=\"text-editor.default\">\n\t\t\t\t<div class=\"elementor-widget-container\">\n\t\t\t\t\t\t\t\t\t<h2>Formulari de sol\u00b7licitud d&#8217;informaci\u00f3<\/h2>\n<p>Si tenens una consulta sobre els nostres vins o serveis, emplena el formulari de contacte el m\u00e9s detalladament possible per atendre\u2019t millor. Gr\u00e0cies per compartir els teus comentaris i suggeriments amb nosaltres.<\/p>\t\t\t\t\t\t\t\t<\/div>\n\t\t\t\t<\/div>\n\t\t\t\t<div class=\"elementor-element elementor-element-1fe18db9 elementor-widget elementor-widget-form\" data-id=\"1fe18db9\" data-element_type=\"widget\" data-e-type=\"widget\" data-widget_type=\"form.default\">\n\t\t\t\t<div class=\"elementor-widget-container\">\n\t\t\t\t\t \t\t\t\t<\/div>\n\t\t\t\t<\/div>\n\t\t\t\t\t<\/div>\n\t\t<\/div>\n\t\t\t\t<div class=\"elementor-column elementor-col-33 elementor-top-column elementor-element elementor-element-2e98e563\" data-id=\"2e98e563\" data-element_type=\"column\" data-e-type=\"column\">\n\t\t\t<div class=\"elementor-widget-wrap\">\n\t\t\t\t\t\t\t<\/div>\n\t\t<\/div>\n\t\t\t\t\t<\/div>\n\t\t<\/section>\n\t\t\t\t<\/div>\n\t\t","protected":false},"excerpt":{"rendered":"<p>SI TENS QUALSEVOL DUBTE O VOLS M\u00c9S INFORMACI\u00d3&#8230; CONTACTA AMB NOSALTRES Si la teva passi\u00f3 \u00e9s el vi no dubtis a compartir amb nosaltres les teves inquietuds. Estem aqu\u00ed per a servir-te i assessorar-te! Formulari de sol\u00b7licitud d&#8217;informaci\u00f3 Si tenens una consulta sobre els nostres vins o serveis, emplena el formulari de contacte el m\u00e9s [&hellip;]<\/p>\n","protected":false},"author":1,"featured_media":0,"parent":0,"menu_order":0,"comment_status":"closed","ping_status":"closed","template":"elementor_header_footer","meta":{"site-sidebar-layout":"default","site-content-layout":"","ast-site-content-layout":"default","site-content-style":"default","site-sidebar-style":"default","ast-global-header-display":"","ast-banner-title-visibility":"","ast-main-header-display":"","ast-hfb-above-header-display":"","ast-hfb-below-header-display":"","ast-hfb-mobile-header-display":"","site-post-title":"","ast-breadcrumbs-content":"","ast-featured-img":"","footer-sml-layout":"","ast-disable-related-posts":"","theme-transparent-header-meta":"","adv-header-id-meta":"","stick-header-meta":"","header-above-stick-meta":"","header-main-stick-meta":"","header-below-stick-meta":"","astra-migrate-meta-layouts":"default","ast-page-background-enabled":"default","ast-page-background-meta":{"desktop":{"background-color":"","background-image":"","background-repeat":"repeat","background-position":"center center","background-size":"auto","background-attachment":"scroll","background-type":"","background-media":"","overlay-type":"","overlay-color":"","overlay-opacity":"","overlay-gradient":""},"tablet":{"background-color":"","background-image":"","background-repeat":"repeat","background-position":"center center","background-size":"auto","background-attachment":"scroll","background-type":"","background-media":"","overlay-type":"","overlay-color":"","overlay-opacity":"","overlay-gradient":""},"mobile":{"background-color":"","background-image":"","background-repeat":"repeat","background-position":"center center","background-size":"auto","background-attachment":"scroll","background-type":"","background-media":"","overlay-type":"","overlay-color":"","overlay-opacity":"","overlay-gradient":""}},"ast-content-background-meta":{"desktop":{"background-color":"var(--ast-global-color-5)","background-image":"","background-repeat":"repeat","background-position":"center center","background-size":"auto","background-attachment":"scroll","background-type":"","background-media":"","overlay-type":"","overlay-color":"","overlay-opacity":"","overlay-gradient":""},"tablet":{"background-color":"var(--ast-global-color-5)","background-image":"","background-repeat":"repeat","background-position":"center center","background-size":"auto","background-attachment":"scroll","background-type":"","background-media":"","overlay-type":"","overlay-color":"","overlay-opacity":"","overlay-gradient":""},"mobile":{"background-color":"var(--ast-global-color-5)","background-image":"","background-repeat":"repeat","background-position":"center center","background-size":"auto","background-attachment":"scroll","background-type":"","background-media":"","overlay-type":"","overlay-color":"","overlay-opacity":"","overlay-gradient":""}},"footnotes":""},"class_list":["post-102","page","type-page","status-publish","hentry"],"yoast_head":"<!-- This site is optimized with the Yoast SEO plugin v27.4 - https:\/\/yoast.com\/product\/yoast-seo-wordpress\/ -->\n<title>Contacta amb nosaltres - Refilat Vinoteca<\/title>\n<meta name=\"robots\" content=\"index, follow, max-snippet:-1, max-image-preview:large, max-video-preview:-1\" \/>\n<link rel=\"canonical\" href=\"https:\/\/www.refilat.com\/?page_id=102\" \/>\n<meta property=\"og:locale\" content=\"ca_ES\" \/>\n<meta property=\"og:type\" content=\"article\" \/>\n<meta property=\"og:title\" content=\"Contacta amb nosaltres - Refilat Vinoteca\" \/>\n<meta property=\"og:description\" content=\"SI TENS QUALSEVOL DUBTE O VOLS M\u00c9S INFORMACI\u00d3&#8230; CONTACTA AMB NOSALTRES Si la teva passi\u00f3 \u00e9s el vi no dubtis a compartir amb nosaltres les teves inquietuds. Estem aqu\u00ed per a servir-te i assessorar-te! Formulari de sol\u00b7licitud d&#8217;informaci\u00f3 Si tenens una consulta sobre els nostres vins o serveis, emplena el formulari de contacte el m\u00e9s [&hellip;]\" \/>\n<meta property=\"og:url\" content=\"https:\/\/www.refilat.com\/?page_id=102\" \/>\n<meta property=\"og:site_name\" content=\"Refilat Vinoteca\" \/>\n<meta property=\"article:modified_time\" content=\"2024-02-23T08:37:37+00:00\" \/>\n<meta name=\"twitter:card\" content=\"summary_large_image\" \/>\n<meta name=\"twitter:label1\" content=\"Temps estimat de lectura\" \/>\n\t<meta name=\"twitter:data1\" content=\"1 minut\" \/>\n<script type=\"application\/ld+json\" class=\"yoast-schema-graph\">{\"@context\":\"https:\\\/\\\/schema.org\",\"@graph\":[{\"@type\":\"WebPage\",\"@id\":\"https:\\\/\\\/www.refilat.com\\\/?page_id=102\",\"url\":\"https:\\\/\\\/www.refilat.com\\\/?page_id=102\",\"name\":\"Contacta amb nosaltres - Refilat Vinoteca\",\"isPartOf\":{\"@id\":\"https:\\\/\\\/www.refilat.com\\\/#website\"},\"datePublished\":\"2020-07-15T12:07:37+00:00\",\"dateModified\":\"2024-02-23T08:37:37+00:00\",\"breadcrumb\":{\"@id\":\"https:\\\/\\\/www.refilat.com\\\/?page_id=102#breadcrumb\"},\"inLanguage\":\"ca\",\"potentialAction\":[{\"@type\":\"ReadAction\",\"target\":[\"https:\\\/\\\/www.refilat.com\\\/?page_id=102\"]}]},{\"@type\":\"BreadcrumbList\",\"@id\":\"https:\\\/\\\/www.refilat.com\\\/?page_id=102#breadcrumb\",\"itemListElement\":[{\"@type\":\"ListItem\",\"position\":1,\"name\":\"Inici\",\"item\":\"https:\\\/\\\/www.refilat.com\\\/\"},{\"@type\":\"ListItem\",\"position\":2,\"name\":\"Contacta amb nosaltres\"}]},{\"@type\":\"WebSite\",\"@id\":\"https:\\\/\\\/www.refilat.com\\\/#website\",\"url\":\"https:\\\/\\\/www.refilat.com\\\/\",\"name\":\"Refilat Vinoteca\",\"description\":\"Tradici\u00f3 en la distribuci\u00f3 de vins a la Cerdanya\",\"publisher\":{\"@id\":\"https:\\\/\\\/www.refilat.com\\\/#organization\"},\"potentialAction\":[{\"@type\":\"SearchAction\",\"target\":{\"@type\":\"EntryPoint\",\"urlTemplate\":\"https:\\\/\\\/www.refilat.com\\\/?s={search_term_string}\"},\"query-input\":{\"@type\":\"PropertyValueSpecification\",\"valueRequired\":true,\"valueName\":\"search_term_string\"}}],\"inLanguage\":\"ca\"},{\"@type\":\"Organization\",\"@id\":\"https:\\\/\\\/www.refilat.com\\\/#organization\",\"name\":\"Refilat Vinoteca\",\"url\":\"https:\\\/\\\/www.refilat.com\\\/\",\"logo\":{\"@type\":\"ImageObject\",\"inLanguage\":\"ca\",\"@id\":\"https:\\\/\\\/www.refilat.com\\\/#\\\/schema\\\/logo\\\/image\\\/\",\"url\":\"https:\\\/\\\/i0.wp.com\\\/www.refilat.com\\\/wp-content\\\/uploads\\\/2020\\\/07\\\/logo_refilat_02.png?fit=400%2C150&ssl=1\",\"contentUrl\":\"https:\\\/\\\/i0.wp.com\\\/www.refilat.com\\\/wp-content\\\/uploads\\\/2020\\\/07\\\/logo_refilat_02.png?fit=400%2C150&ssl=1\",\"width\":400,\"height\":150,\"caption\":\"Refilat Vinoteca\"},\"image\":{\"@id\":\"https:\\\/\\\/www.refilat.com\\\/#\\\/schema\\\/logo\\\/image\\\/\"}}]}<\/script>\n<!-- \/ Yoast SEO plugin. -->","yoast_head_json":{"title":"Contacta amb nosaltres - Refilat Vinoteca","robots":{"index":"index","follow":"follow","max-snippet":"max-snippet:-1","max-image-preview":"max-image-preview:large","max-video-preview":"max-video-preview:-1"},"canonical":"https:\/\/www.refilat.com\/?page_id=102","og_locale":"ca_ES","og_type":"article","og_title":"Contacta amb nosaltres - Refilat Vinoteca","og_description":"SI TENS QUALSEVOL DUBTE O VOLS M\u00c9S INFORMACI\u00d3&#8230; CONTACTA AMB NOSALTRES Si la teva passi\u00f3 \u00e9s el vi no dubtis a compartir amb nosaltres les teves inquietuds. Estem aqu\u00ed per a servir-te i assessorar-te! Formulari de sol\u00b7licitud d&#8217;informaci\u00f3 Si tenens una consulta sobre els nostres vins o serveis, emplena el formulari de contacte el m\u00e9s [&hellip;]","og_url":"https:\/\/www.refilat.com\/?page_id=102","og_site_name":"Refilat Vinoteca","article_modified_time":"2024-02-23T08:37:37+00:00","twitter_card":"summary_large_image","twitter_misc":{"Temps estimat de lectura":"1 minut"},"schema":{"@context":"https:\/\/schema.org","@graph":[{"@type":"WebPage","@id":"https:\/\/www.refilat.com\/?page_id=102","url":"https:\/\/www.refilat.com\/?page_id=102","name":"Contacta amb nosaltres - Refilat Vinoteca","isPartOf":{"@id":"https:\/\/www.refilat.com\/#website"},"datePublished":"2020-07-15T12:07:37+00:00","dateModified":"2024-02-23T08:37:37+00:00","breadcrumb":{"@id":"https:\/\/www.refilat.com\/?page_id=102#breadcrumb"},"inLanguage":"ca","potentialAction":[{"@type":"ReadAction","target":["https:\/\/www.refilat.com\/?page_id=102"]}]},{"@type":"BreadcrumbList","@id":"https:\/\/www.refilat.com\/?page_id=102#breadcrumb","itemListElement":[{"@type":"ListItem","position":1,"name":"Inici","item":"https:\/\/www.refilat.com\/"},{"@type":"ListItem","position":2,"name":"Contacta amb nosaltres"}]},{"@type":"WebSite","@id":"https:\/\/www.refilat.com\/#website","url":"https:\/\/www.refilat.com\/","name":"Refilat Vinoteca","description":"Tradici\u00f3 en la distribuci\u00f3 de vins a la Cerdanya","publisher":{"@id":"https:\/\/www.refilat.com\/#organization"},"potentialAction":[{"@type":"SearchAction","target":{"@type":"EntryPoint","urlTemplate":"https:\/\/www.refilat.com\/?s={search_term_string}"},"query-input":{"@type":"PropertyValueSpecification","valueRequired":true,"valueName":"search_term_string"}}],"inLanguage":"ca"},{"@type":"Organization","@id":"https:\/\/www.refilat.com\/#organization","name":"Refilat Vinoteca","url":"https:\/\/www.refilat.com\/","logo":{"@type":"ImageObject","inLanguage":"ca","@id":"https:\/\/www.refilat.com\/#\/schema\/logo\/image\/","url":"https:\/\/i0.wp.com\/www.refilat.com\/wp-content\/uploads\/2020\/07\/logo_refilat_02.png?fit=400%2C150&ssl=1","contentUrl":"https:\/\/i0.wp.com\/www.refilat.com\/wp-content\/uploads\/2020\/07\/logo_refilat_02.png?fit=400%2C150&ssl=1","width":400,"height":150,"caption":"Refilat Vinoteca"},"image":{"@id":"https:\/\/www.refilat.com\/#\/schema\/logo\/image\/"}}]}},"lang":"ca","translations":{"ca":102,"es":808},"jetpack_sharing_enabled":true,"pll_sync_post":[],"_links":{"self":[{"href":"https:\/\/www.refilat.com\/index.php?rest_route=\/wp\/v2\/pages\/102","targetHints":{"allow":["GET"]}}],"collection":[{"href":"https:\/\/www.refilat.com\/index.php?rest_route=\/wp\/v2\/pages"}],"about":[{"href":"https:\/\/www.refilat.com\/index.php?rest_route=\/wp\/v2\/types\/page"}],"author":[{"embeddable":true,"href":"https:\/\/www.refilat.com\/index.php?rest_route=\/wp\/v2\/users\/1"}],"replies":[{"embeddable":true,"href":"https:\/\/www.refilat.com\/index.php?rest_route=%2Fwp%2Fv2%2Fcomments&post=102"}],"version-history":[{"count":104,"href":"https:\/\/www.refilat.com\/index.php?rest_route=\/wp\/v2\/pages\/102\/revisions"}],"predecessor-version":[{"id":17176,"href":"https:\/\/www.refilat.com\/index.php?rest_route=\/wp\/v2\/pages\/102\/revisions\/17176"}],"wp:attachment":[{"href":"https:\/\/www.refilat.com\/index.php?rest_route=%2Fwp%2Fv2%2Fmedia&parent=102"}],"curies":[{"name":"wp","href":"https:\/\/api.w.org\/{rel}","templated":true}]}}