{"id":100,"date":"2020-07-15T13:07:15","date_gmt":"2020-07-15T12:07:15","guid":{"rendered":"https:\/\/www.refilat.com\/?page_id=100"},"modified":"2024-10-01T17:34:45","modified_gmt":"2024-10-01T16:34:45","slug":"historia","status":"publish","type":"page","link":"https:\/\/www.refilat.com\/?page_id=100","title":{"rendered":"Hist\u00f2ria"},"content":{"rendered":"\t\t<div data-elementor-type=\"wp-page\" data-elementor-id=\"100\" class=\"elementor elementor-100\">\n\t\t\t\t\t\t<section class=\"elementor-section elementor-top-section elementor-element elementor-element-648e7fd5 elementor-section-height-min-height elementor-section-boxed elementor-section-height-default elementor-section-items-middle\" data-id=\"648e7fd5\" data-element_type=\"section\" data-e-type=\"section\" data-settings=\"{&quot;background_background&quot;:&quot;classic&quot;}\">\n\t\t\t\t\t\t<div class=\"elementor-container elementor-column-gap-default\">\n\t\t\t\t\t<div class=\"elementor-column elementor-col-100 elementor-top-column elementor-element elementor-element-b4bb6f4\" data-id=\"b4bb6f4\" data-element_type=\"column\" data-e-type=\"column\">\n\t\t\t<div class=\"elementor-widget-wrap elementor-element-populated\">\n\t\t\t\t\t\t<div class=\"elementor-element elementor-element-5b387930 elementor-widget elementor-widget-heading\" data-id=\"5b387930\" data-element_type=\"widget\" data-e-type=\"widget\" data-widget_type=\"heading.default\">\n\t\t\t\t<div class=\"elementor-widget-container\">\n\t\t\t\t\t<p class=\"elementor-heading-title elementor-size-default\">REFILAT VINOTECA<\/p>\t\t\t\t<\/div>\n\t\t\t\t<\/div>\n\t\t\t\t<div class=\"elementor-element elementor-element-57d6883f elementor-widget elementor-widget-heading\" data-id=\"57d6883f\" data-element_type=\"widget\" data-e-type=\"widget\" data-widget_type=\"heading.default\">\n\t\t\t\t<div class=\"elementor-widget-container\">\n\t\t\t\t\t<h1 class=\"elementor-heading-title elementor-size-default\">UN LLARG RECORREGUT<\/h1>\t\t\t\t<\/div>\n\t\t\t\t<\/div>\n\t\t\t\t<div class=\"elementor-element elementor-element-1ea29544 elementor-widget__width-initial elementor-widget elementor-widget-text-editor\" data-id=\"1ea29544\" data-element_type=\"widget\" data-e-type=\"widget\" data-widget_type=\"text-editor.default\">\n\t\t\t\t<div class=\"elementor-widget-container\">\n\t\t\t\t\t\t\t\t\t<p>Refilat \u00e9s una fam\u00edlia de la Cerdanya ubicada inicialment a Bolvir, lligada al comer\u00e7\u00a0 des de fa m\u00e9s de 160 anys.<\/p>\t\t\t\t\t\t\t\t<\/div>\n\t\t\t\t<\/div>\n\t\t\t\t\t<\/div>\n\t\t<\/div>\n\t\t\t\t\t<\/div>\n\t\t<\/section>\n\t\t\t\t<section class=\"elementor-section elementor-top-section elementor-element elementor-element-3b96c6b3 elementor-section-full_width elementor-section-height-min-height elementor-section-height-default elementor-section-items-middle\" data-id=\"3b96c6b3\" data-element_type=\"section\" data-e-type=\"section\" data-settings=\"{&quot;background_background&quot;:&quot;classic&quot;}\">\n\t\t\t\t\t\t\t<div class=\"elementor-background-overlay\"><\/div>\n\t\t\t\t\t\t\t<div class=\"elementor-container elementor-column-gap-no\">\n\t\t\t\t\t<div class=\"elementor-column elementor-col-100 elementor-top-column elementor-element elementor-element-548ec82c\" data-id=\"548ec82c\" data-element_type=\"column\" data-e-type=\"column\">\n\t\t\t<div class=\"elementor-widget-wrap\">\n\t\t\t\t\t\t\t<\/div>\n\t\t<\/div>\n\t\t\t\t\t<\/div>\n\t\t<\/section>\n\t\t\t\t<section class=\"elementor-section elementor-top-section elementor-element elementor-element-19f41b70 elementor-section-content-middle elementor-section-boxed elementor-section-height-default elementor-section-height-default\" data-id=\"19f41b70\" data-element_type=\"section\" data-e-type=\"section\">\n\t\t\t\t\t\t<div class=\"elementor-container elementor-column-gap-no\">\n\t\t\t\t\t<div class=\"elementor-column elementor-col-50 elementor-top-column elementor-element elementor-element-1cae013f\" data-id=\"1cae013f\" data-element_type=\"column\" data-e-type=\"column\" data-settings=\"{&quot;background_background&quot;:&quot;classic&quot;}\">\n\t\t\t<div class=\"elementor-widget-wrap\">\n\t\t\t\t\t\t\t<\/div>\n\t\t<\/div>\n\t\t\t\t<div class=\"elementor-column elementor-col-50 elementor-top-column elementor-element elementor-element-1ba7c62a\" data-id=\"1ba7c62a\" data-element_type=\"column\" data-e-type=\"column\" data-settings=\"{&quot;background_background&quot;:&quot;classic&quot;}\">\n\t\t\t<div class=\"elementor-widget-wrap elementor-element-populated\">\n\t\t\t\t\t\t<div class=\"elementor-element elementor-element-48045f5 elementor-widget elementor-widget-heading\" data-id=\"48045f5\" data-element_type=\"widget\" data-e-type=\"widget\" data-widget_type=\"heading.default\">\n\t\t\t\t<div class=\"elementor-widget-container\">\n\t\t\t\t\t<p class=\"elementor-heading-title elementor-size-default\">ELS ORIGENS<\/p>\t\t\t\t<\/div>\n\t\t\t\t<\/div>\n\t\t\t\t<div class=\"elementor-element elementor-element-3d3745d6 elementor-widget elementor-widget-heading\" data-id=\"3d3745d6\" data-element_type=\"widget\" data-e-type=\"widget\" data-widget_type=\"heading.default\">\n\t\t\t\t<div class=\"elementor-widget-container\">\n\t\t\t\t\t<h2 class=\"elementor-heading-title elementor-size-default\">El cam\u00ed de l'especialitzaci\u00f3<\/h2>\t\t\t\t<\/div>\n\t\t\t\t<\/div>\n\t\t\t\t<div class=\"elementor-element elementor-element-ab9aafb elementor-widget elementor-widget-text-editor\" data-id=\"ab9aafb\" data-element_type=\"widget\" data-e-type=\"widget\" data-widget_type=\"text-editor.default\">\n\t\t\t\t<div class=\"elementor-widget-container\">\n\t\t\t\t\t\t\t\t\t<p>Inicialment, Refilat s\u2019estableix com a fonda, botiga de queviures, servei de trasllat de viatgers per anar a \u201cla Vila\u201d, etc.<\/p><p>\u00a0Amb els anys, s\u2019acaba especialitzant en el m\u00f3n vitivin\u00edcola amb la distribuci\u00f3 de vins a doll a tota la comarca de la Cerdanya, on les cases de cada poble tenien el seu propi celler. Refilat era, i \u00e9s, el responsable de subministrar-hi els vins.<\/p>\t\t\t\t\t\t\t\t<\/div>\n\t\t\t\t<\/div>\n\t\t\t\t\t<\/div>\n\t\t<\/div>\n\t\t\t\t\t<\/div>\n\t\t<\/section>\n\t\t\t\t<section class=\"elementor-section elementor-top-section elementor-element elementor-element-51d3536d elementor-section-content-middle elementor-reverse-mobile elementor-section-boxed elementor-section-height-default elementor-section-height-default\" data-id=\"51d3536d\" data-element_type=\"section\" data-e-type=\"section\">\n\t\t\t\t\t\t<div class=\"elementor-container elementor-column-gap-no\">\n\t\t\t\t\t<div class=\"elementor-column elementor-col-50 elementor-top-column elementor-element elementor-element-3d8859e9\" data-id=\"3d8859e9\" data-element_type=\"column\" data-e-type=\"column\" data-settings=\"{&quot;background_background&quot;:&quot;classic&quot;}\">\n\t\t\t<div class=\"elementor-widget-wrap elementor-element-populated\">\n\t\t\t\t\t\t<div class=\"elementor-element elementor-element-355a506 elementor-widget elementor-widget-heading\" data-id=\"355a506\" data-element_type=\"widget\" data-e-type=\"widget\" data-widget_type=\"heading.default\">\n\t\t\t\t<div class=\"elementor-widget-container\">\n\t\t\t\t\t<p class=\"elementor-heading-title elementor-size-default\">LA MARCA REFILAT<\/p>\t\t\t\t<\/div>\n\t\t\t\t<\/div>\n\t\t\t\t<div class=\"elementor-element elementor-element-310f89d elementor-widget elementor-widget-heading\" data-id=\"310f89d\" data-element_type=\"widget\" data-e-type=\"widget\" data-widget_type=\"heading.default\">\n\t\t\t\t<div class=\"elementor-widget-container\">\n\t\t\t\t\t<h2 class=\"elementor-heading-title elementor-size-default\">Els temps canvien<\/h2>\t\t\t\t<\/div>\n\t\t\t\t<\/div>\n\t\t\t\t<div class=\"elementor-element elementor-element-1468d4d7 elementor-widget elementor-widget-text-editor\" data-id=\"1468d4d7\" data-element_type=\"widget\" data-e-type=\"widget\" data-widget_type=\"text-editor.default\">\n\t\t\t\t<div class=\"elementor-widget-container\">\n\t\t\t\t\t\t\t\t\t<p style=\"text-align: justify; line-height: 150%;\">Darrerament, el turisme ha passat a ser el principal motor econ\u00f2mic i, com no podia ser d\u2019altra manera, Refilat ha continuat adaptant-se al pas del temps.<\/p>\n<p style=\"text-align: justify; line-height: 150%;\">A finals del segle passat, trasllada part de les seves instal\u00b7lacions a Puigcerd\u00e0 , crea la seva pr\u00f2pia marca de vins. Refilat fa un seguiment constant de la vinya d\u2019on surt el seu vi, fins arribar als paladars m\u00e9s exigents i als millors restaurants de la comarca.<\/p>\t\t\t\t\t\t\t\t<\/div>\n\t\t\t\t<\/div>\n\t\t\t\t\t<\/div>\n\t\t<\/div>\n\t\t\t\t<div class=\"elementor-column elementor-col-50 elementor-top-column elementor-element elementor-element-118b840\" data-id=\"118b840\" data-element_type=\"column\" data-e-type=\"column\" data-settings=\"{&quot;background_background&quot;:&quot;classic&quot;}\">\n\t\t\t<div class=\"elementor-widget-wrap elementor-element-populated\">\n\t\t\t\t\t<div class=\"elementor-background-overlay\"><\/div>\n\t\t\t\t\t\t<div class=\"elementor-element elementor-element-405a7600 elementor-widget elementor-widget-spacer\" data-id=\"405a7600\" data-element_type=\"widget\" data-e-type=\"widget\" data-widget_type=\"spacer.default\">\n\t\t\t\t<div class=\"elementor-widget-container\">\n\t\t\t\t\t\t\t<div class=\"elementor-spacer\">\n\t\t\t<div class=\"elementor-spacer-inner\"><\/div>\n\t\t<\/div>\n\t\t\t\t\t\t<\/div>\n\t\t\t\t<\/div>\n\t\t\t\t\t<\/div>\n\t\t<\/div>\n\t\t\t\t\t<\/div>\n\t\t<\/section>\n\t\t\t\t<section class=\"elementor-section elementor-top-section elementor-element elementor-element-0b1c3da elementor-section-content-middle elementor-section-boxed elementor-section-height-default elementor-section-height-default\" data-id=\"0b1c3da\" data-element_type=\"section\" data-e-type=\"section\">\n\t\t\t\t\t\t<div class=\"elementor-container elementor-column-gap-no\">\n\t\t\t\t\t<div class=\"elementor-column elementor-col-50 elementor-top-column elementor-element elementor-element-7f0397a\" data-id=\"7f0397a\" data-element_type=\"column\" data-e-type=\"column\" data-settings=\"{&quot;background_background&quot;:&quot;classic&quot;}\">\n\t\t\t<div class=\"elementor-widget-wrap elementor-element-populated\">\n\t\t\t\t\t\t<div class=\"elementor-element elementor-element-f8acc11 elementor-widget elementor-widget-spacer\" data-id=\"f8acc11\" data-element_type=\"widget\" data-e-type=\"widget\" data-widget_type=\"spacer.default\">\n\t\t\t\t<div class=\"elementor-widget-container\">\n\t\t\t\t\t\t\t<div class=\"elementor-spacer\">\n\t\t\t<div class=\"elementor-spacer-inner\"><\/div>\n\t\t<\/div>\n\t\t\t\t\t\t<\/div>\n\t\t\t\t<\/div>\n\t\t\t\t\t<\/div>\n\t\t<\/div>\n\t\t\t\t<div class=\"elementor-column elementor-col-50 elementor-top-column elementor-element elementor-element-9b277c3\" data-id=\"9b277c3\" data-element_type=\"column\" data-e-type=\"column\" data-settings=\"{&quot;background_background&quot;:&quot;classic&quot;}\">\n\t\t\t<div class=\"elementor-widget-wrap elementor-element-populated\">\n\t\t\t\t\t\t<div class=\"elementor-element elementor-element-9f156bf elementor-widget elementor-widget-heading\" data-id=\"9f156bf\" data-element_type=\"widget\" data-e-type=\"widget\" data-widget_type=\"heading.default\">\n\t\t\t\t<div class=\"elementor-widget-container\">\n\t\t\t\t\t<p class=\"elementor-heading-title elementor-size-default\">refilat vinoteca<\/p>\t\t\t\t<\/div>\n\t\t\t\t<\/div>\n\t\t\t\t<div class=\"elementor-element elementor-element-b740896 elementor-widget elementor-widget-heading\" data-id=\"b740896\" data-element_type=\"widget\" data-e-type=\"widget\" data-widget_type=\"heading.default\">\n\t\t\t\t<div class=\"elementor-widget-container\">\n\t\t\t\t\t<h2 class=\"elementor-heading-title elementor-size-default\">Un espai per cr\u00e9ixer<\/h2>\t\t\t\t<\/div>\n\t\t\t\t<\/div>\n\t\t\t\t<div class=\"elementor-element elementor-element-3d10ba2 elementor-widget elementor-widget-text-editor\" data-id=\"3d10ba2\" data-element_type=\"widget\" data-e-type=\"widget\" data-widget_type=\"text-editor.default\">\n\t\t\t\t<div class=\"elementor-widget-container\">\n\t\t\t\t\t\t\t\t\t<p style=\"text-align: justify; line-height: 150%;\">\u00a0<\/p><p><span style=\"text-align: justify;\">A principis del segle XXI (2007), amb el projecte de l\u2019escultor Ernest Alt\u00e9s, es crea, a les mateixes instal\u00b7lacions de Puigcerd\u00e0, un nou espai obert a tothom: REFILAT Vinoteca.\u00a0<\/span><\/p><p><span style=\"text-align: justify;\">El 2016, s\u2019amplien novament les instal\u00b7lacions, donant pas a les actuals.<\/span><\/p>\t\t\t\t\t\t\t\t<\/div>\n\t\t\t\t<\/div>\n\t\t\t\t\t<\/div>\n\t\t<\/div>\n\t\t\t\t\t<\/div>\n\t\t<\/section>\n\t\t\t\t<\/div>\n\t\t","protected":false},"excerpt":{"rendered":"<p>REFILAT VINOTECA UN LLARG RECORREGUT Refilat \u00e9s una fam\u00edlia de la Cerdanya ubicada inicialment a Bolvir, lligada al comer\u00e7\u00a0 des de fa m\u00e9s de 160 anys. ELS ORIGENS El cam\u00ed de l&#8217;especialitzaci\u00f3 Inicialment, Refilat s\u2019estableix com a fonda, botiga de queviures, servei de trasllat de viatgers per anar a \u201cla Vila\u201d, etc. \u00a0Amb els anys, [&hellip;]<\/p>\n","protected":false},"author":1,"featured_media":0,"parent":0,"menu_order":0,"comment_status":"closed","ping_status":"closed","template":"elementor_header_footer","meta":{"site-sidebar-layout":"default","site-content-layout":"","ast-site-content-layout":"default","site-content-style":"default","site-sidebar-style":"default","ast-global-header-display":"","ast-banner-title-visibility":"","ast-main-header-display":"","ast-hfb-above-header-display":"","ast-hfb-below-header-display":"","ast-hfb-mobile-header-display":"","site-post-title":"","ast-breadcrumbs-content":"","ast-featured-img":"","footer-sml-layout":"","ast-disable-related-posts":"","theme-transparent-header-meta":"","adv-header-id-meta":"","stick-header-meta":"","header-above-stick-meta":"","header-main-stick-meta":"","header-below-stick-meta":"","astra-migrate-meta-layouts":"default","ast-page-background-enabled":"default","ast-page-background-meta":{"desktop":{"background-color":"","background-image":"","background-repeat":"repeat","background-position":"center center","background-size":"auto","background-attachment":"scroll","background-type":"","background-media":"","overlay-type":"","overlay-color":"","overlay-opacity":"","overlay-gradient":""},"tablet":{"background-color":"","background-image":"","background-repeat":"repeat","background-position":"center center","background-size":"auto","background-attachment":"scroll","background-type":"","background-media":"","overlay-type":"","overlay-color":"","overlay-opacity":"","overlay-gradient":""},"mobile":{"background-color":"","background-image":"","background-repeat":"repeat","background-position":"center center","background-size":"auto","background-attachment":"scroll","background-type":"","background-media":"","overlay-type":"","overlay-color":"","overlay-opacity":"","overlay-gradient":""}},"ast-content-background-meta":{"desktop":{"background-color":"var(--ast-global-color-5)","background-image":"","background-repeat":"repeat","background-position":"center center","background-size":"auto","background-attachment":"scroll","background-type":"","background-media":"","overlay-type":"","overlay-color":"","overlay-opacity":"","overlay-gradient":""},"tablet":{"background-color":"var(--ast-global-color-5)","background-image":"","background-repeat":"repeat","background-position":"center center","background-size":"auto","background-attachment":"scroll","background-type":"","background-media":"","overlay-type":"","overlay-color":"","overlay-opacity":"","overlay-gradient":""},"mobile":{"background-color":"var(--ast-global-color-5)","background-image":"","background-repeat":"repeat","background-position":"center center","background-size":"auto","background-attachment":"scroll","background-type":"","background-media":"","overlay-type":"","overlay-color":"","overlay-opacity":"","overlay-gradient":""}},"footnotes":""},"class_list":["post-100","page","type-page","status-publish","hentry"],"yoast_head":"<!-- This site is optimized with the Yoast SEO plugin v27.4 - https:\/\/yoast.com\/product\/yoast-seo-wordpress\/ -->\n<title>Hist\u00f2ria - Refilat Vinoteca<\/title>\n<meta name=\"robots\" content=\"index, follow, max-snippet:-1, max-image-preview:large, max-video-preview:-1\" \/>\n<link rel=\"canonical\" href=\"https:\/\/www.refilat.com\/?page_id=100\" \/>\n<meta property=\"og:locale\" content=\"ca_ES\" \/>\n<meta property=\"og:type\" content=\"article\" \/>\n<meta property=\"og:title\" content=\"Hist\u00f2ria - Refilat Vinoteca\" \/>\n<meta property=\"og:description\" content=\"REFILAT VINOTECA UN LLARG RECORREGUT Refilat \u00e9s una fam\u00edlia de la Cerdanya ubicada inicialment a Bolvir, lligada al comer\u00e7\u00a0 des de fa m\u00e9s de 160 anys. ELS ORIGENS El cam\u00ed de l&#8217;especialitzaci\u00f3 Inicialment, Refilat s\u2019estableix com a fonda, botiga de queviures, servei de trasllat de viatgers per anar a \u201cla Vila\u201d, etc. \u00a0Amb els anys, [&hellip;]\" \/>\n<meta property=\"og:url\" content=\"https:\/\/www.refilat.com\/?page_id=100\" \/>\n<meta property=\"og:site_name\" content=\"Refilat Vinoteca\" \/>\n<meta property=\"article:modified_time\" content=\"2024-10-01T16:34:45+00:00\" \/>\n<meta name=\"twitter:card\" content=\"summary_large_image\" \/>\n<meta name=\"twitter:label1\" content=\"Temps estimat de lectura\" \/>\n\t<meta name=\"twitter:data1\" content=\"2 minuts\" \/>\n<script type=\"application\/ld+json\" class=\"yoast-schema-graph\">{\"@context\":\"https:\\\/\\\/schema.org\",\"@graph\":[{\"@type\":\"WebPage\",\"@id\":\"https:\\\/\\\/www.refilat.com\\\/?page_id=100\",\"url\":\"https:\\\/\\\/www.refilat.com\\\/?page_id=100\",\"name\":\"Hist\u00f2ria - Refilat Vinoteca\",\"isPartOf\":{\"@id\":\"https:\\\/\\\/www.refilat.com\\\/#website\"},\"datePublished\":\"2020-07-15T12:07:15+00:00\",\"dateModified\":\"2024-10-01T16:34:45+00:00\",\"breadcrumb\":{\"@id\":\"https:\\\/\\\/www.refilat.com\\\/?page_id=100#breadcrumb\"},\"inLanguage\":\"ca\",\"potentialAction\":[{\"@type\":\"ReadAction\",\"target\":[\"https:\\\/\\\/www.refilat.com\\\/?page_id=100\"]}]},{\"@type\":\"BreadcrumbList\",\"@id\":\"https:\\\/\\\/www.refilat.com\\\/?page_id=100#breadcrumb\",\"itemListElement\":[{\"@type\":\"ListItem\",\"position\":1,\"name\":\"Inici\",\"item\":\"https:\\\/\\\/www.refilat.com\\\/\"},{\"@type\":\"ListItem\",\"position\":2,\"name\":\"Hist\u00f2ria\"}]},{\"@type\":\"WebSite\",\"@id\":\"https:\\\/\\\/www.refilat.com\\\/#website\",\"url\":\"https:\\\/\\\/www.refilat.com\\\/\",\"name\":\"Refilat Vinoteca\",\"description\":\"Tradici\u00f3 en la distribuci\u00f3 de vins a la Cerdanya\",\"publisher\":{\"@id\":\"https:\\\/\\\/www.refilat.com\\\/#organization\"},\"potentialAction\":[{\"@type\":\"SearchAction\",\"target\":{\"@type\":\"EntryPoint\",\"urlTemplate\":\"https:\\\/\\\/www.refilat.com\\\/?s={search_term_string}\"},\"query-input\":{\"@type\":\"PropertyValueSpecification\",\"valueRequired\":true,\"valueName\":\"search_term_string\"}}],\"inLanguage\":\"ca\"},{\"@type\":\"Organization\",\"@id\":\"https:\\\/\\\/www.refilat.com\\\/#organization\",\"name\":\"Refilat Vinoteca\",\"url\":\"https:\\\/\\\/www.refilat.com\\\/\",\"logo\":{\"@type\":\"ImageObject\",\"inLanguage\":\"ca\",\"@id\":\"https:\\\/\\\/www.refilat.com\\\/#\\\/schema\\\/logo\\\/image\\\/\",\"url\":\"https:\\\/\\\/i0.wp.com\\\/www.refilat.com\\\/wp-content\\\/uploads\\\/2020\\\/07\\\/logo_refilat_02.png?fit=400%2C150&ssl=1\",\"contentUrl\":\"https:\\\/\\\/i0.wp.com\\\/www.refilat.com\\\/wp-content\\\/uploads\\\/2020\\\/07\\\/logo_refilat_02.png?fit=400%2C150&ssl=1\",\"width\":400,\"height\":150,\"caption\":\"Refilat Vinoteca\"},\"image\":{\"@id\":\"https:\\\/\\\/www.refilat.com\\\/#\\\/schema\\\/logo\\\/image\\\/\"}}]}<\/script>\n<!-- \/ Yoast SEO plugin. -->","yoast_head_json":{"title":"Hist\u00f2ria - Refilat Vinoteca","robots":{"index":"index","follow":"follow","max-snippet":"max-snippet:-1","max-image-preview":"max-image-preview:large","max-video-preview":"max-video-preview:-1"},"canonical":"https:\/\/www.refilat.com\/?page_id=100","og_locale":"ca_ES","og_type":"article","og_title":"Hist\u00f2ria - Refilat Vinoteca","og_description":"REFILAT VINOTECA UN LLARG RECORREGUT Refilat \u00e9s una fam\u00edlia de la Cerdanya ubicada inicialment a Bolvir, lligada al comer\u00e7\u00a0 des de fa m\u00e9s de 160 anys. ELS ORIGENS El cam\u00ed de l&#8217;especialitzaci\u00f3 Inicialment, Refilat s\u2019estableix com a fonda, botiga de queviures, servei de trasllat de viatgers per anar a \u201cla Vila\u201d, etc. \u00a0Amb els anys, [&hellip;]","og_url":"https:\/\/www.refilat.com\/?page_id=100","og_site_name":"Refilat Vinoteca","article_modified_time":"2024-10-01T16:34:45+00:00","twitter_card":"summary_large_image","twitter_misc":{"Temps estimat de lectura":"2 minuts"},"schema":{"@context":"https:\/\/schema.org","@graph":[{"@type":"WebPage","@id":"https:\/\/www.refilat.com\/?page_id=100","url":"https:\/\/www.refilat.com\/?page_id=100","name":"Hist\u00f2ria - Refilat Vinoteca","isPartOf":{"@id":"https:\/\/www.refilat.com\/#website"},"datePublished":"2020-07-15T12:07:15+00:00","dateModified":"2024-10-01T16:34:45+00:00","breadcrumb":{"@id":"https:\/\/www.refilat.com\/?page_id=100#breadcrumb"},"inLanguage":"ca","potentialAction":[{"@type":"ReadAction","target":["https:\/\/www.refilat.com\/?page_id=100"]}]},{"@type":"BreadcrumbList","@id":"https:\/\/www.refilat.com\/?page_id=100#breadcrumb","itemListElement":[{"@type":"ListItem","position":1,"name":"Inici","item":"https:\/\/www.refilat.com\/"},{"@type":"ListItem","position":2,"name":"Hist\u00f2ria"}]},{"@type":"WebSite","@id":"https:\/\/www.refilat.com\/#website","url":"https:\/\/www.refilat.com\/","name":"Refilat Vinoteca","description":"Tradici\u00f3 en la distribuci\u00f3 de vins a la Cerdanya","publisher":{"@id":"https:\/\/www.refilat.com\/#organization"},"potentialAction":[{"@type":"SearchAction","target":{"@type":"EntryPoint","urlTemplate":"https:\/\/www.refilat.com\/?s={search_term_string}"},"query-input":{"@type":"PropertyValueSpecification","valueRequired":true,"valueName":"search_term_string"}}],"inLanguage":"ca"},{"@type":"Organization","@id":"https:\/\/www.refilat.com\/#organization","name":"Refilat Vinoteca","url":"https:\/\/www.refilat.com\/","logo":{"@type":"ImageObject","inLanguage":"ca","@id":"https:\/\/www.refilat.com\/#\/schema\/logo\/image\/","url":"https:\/\/i0.wp.com\/www.refilat.com\/wp-content\/uploads\/2020\/07\/logo_refilat_02.png?fit=400%2C150&ssl=1","contentUrl":"https:\/\/i0.wp.com\/www.refilat.com\/wp-content\/uploads\/2020\/07\/logo_refilat_02.png?fit=400%2C150&ssl=1","width":400,"height":150,"caption":"Refilat Vinoteca"},"image":{"@id":"https:\/\/www.refilat.com\/#\/schema\/logo\/image\/"}}]}},"lang":"ca","translations":{"ca":100,"es":803},"jetpack_sharing_enabled":true,"pll_sync_post":[],"_links":{"self":[{"href":"https:\/\/www.refilat.com\/index.php?rest_route=\/wp\/v2\/pages\/100","targetHints":{"allow":["GET"]}}],"collection":[{"href":"https:\/\/www.refilat.com\/index.php?rest_route=\/wp\/v2\/pages"}],"about":[{"href":"https:\/\/www.refilat.com\/index.php?rest_route=\/wp\/v2\/types\/page"}],"author":[{"embeddable":true,"href":"https:\/\/www.refilat.com\/index.php?rest_route=\/wp\/v2\/users\/1"}],"replies":[{"embeddable":true,"href":"https:\/\/www.refilat.com\/index.php?rest_route=%2Fwp%2Fv2%2Fcomments&post=100"}],"version-history":[{"count":116,"href":"https:\/\/www.refilat.com\/index.php?rest_route=\/wp\/v2\/pages\/100\/revisions"}],"predecessor-version":[{"id":17184,"href":"https:\/\/www.refilat.com\/index.php?rest_route=\/wp\/v2\/pages\/100\/revisions\/17184"}],"wp:attachment":[{"href":"https:\/\/www.refilat.com\/index.php?rest_route=%2Fwp%2Fv2%2Fmedia&parent=100"}],"curies":[{"name":"wp","href":"https:\/\/api.w.org\/{rel}","templated":true}]}}